{"id":9,"date":"2009-09-10T14:45:29","date_gmt":"2009-09-10T14:45:29","guid":{"rendered":"https:\/\/robertjwallace.com\/\/\/9-2\/"},"modified":"2022-12-01T21:43:45","modified_gmt":"2022-12-01T21:43:45","slug":"miscellanea","status":"publish","type":"page","link":"https:\/\/robertjwallace.com\/es\/miscellanea\/","title":{"rendered":"Miscel\u00e1nea"},"content":{"rendered":"<div id=\"pl-9\"  class=\"panel-layout\" ><div id=\"pg-9-0\"  class=\"panel-grid panel-no-style\" ><div id=\"pgc-9-0-0\"  class=\"panel-grid-cell\" ><div id=\"panel-9-0-0-0\" class=\"so-panel widget widget_sow-editor panel-first-child panel-last-child\" data-index=\"0\" ><div\n\t\t\t\n\t\t\tclass=\"so-widget-sow-editor so-widget-sow-editor-base\"\n\t\t\t\n\t\t>\n<div class=\"siteorigin-widget-tinymce textwidget\">\n\t<h1>Los siguientes tienen historias de fondo interesantes<\/h1>\n<ul>\n\t<li>Estuve en el Cuerpo de Marines de los Estados Unidos (dado de baja honorablemente) durante 30 d\u00edas en 1969.<\/li>\n\t<li>Me aceptaron en el Cuerpo de Paz dos veces (1978 y 1994). En ambas ocasiones estuve all\u00ed dos semanas.<\/li>\n\t<li>Mi primer viaje al extranjero fue a Par\u00eds, un viaje de negocios de dos d\u00edas. Termin\u00e9 trabajando all\u00ed dos semanas.<\/li>\n\t<li>Subsequent business trips of two month duration's were to Munich and Toyko.<\/li>\n\t<li>En mi juventud incursion\u00e9 en las artes marciales (Kung Fu, Karate Shotokan, Tae Kwan Do, Aikido, Judo, Tai Chi).<\/li>\n\t<li>Di la vuelta al mundo una vez (Portland, Tokio, Hong Kong, Niza, Par\u00eds, Nueva York, Portland).<\/li>\n\t<li>Tengo un roadster MGA de 1957 y un Austin Healy 3000 Mark I de 1960.<\/li>\n<\/ul><\/div>\n<\/div><\/div><\/div><\/div><div id=\"pg-9-1\"  class=\"panel-grid panel-no-style\" ><div id=\"pgc-9-1-0\"  class=\"panel-grid-cell\" ><div id=\"panel-9-1-0-0\" class=\"so-panel widget widget_foogallery_widget foogallery_widget panel-first-child panel-last-child\" data-index=\"1\" ><h3 class=\"widget-title\">Mis coches<\/h3><style type=\"text\/css\">\n#foogallery-gallery-5762 .fg-image { width: 150px; }\n#foogallery-gallery-5762 { --fg-gutter: 10px; }<\/style>\n\t\t\t<div class=\"foogallery foogallery-container foogallery-default foogallery-lightbox-foobox fg-center fg-default fg-ready fg-light fg-border-thin fg-shadow-outline fg-loading-default fg-loaded-fade-in fg-caption-hover fg-hover-fade fg-hover-zoom\" id=\"foogallery-gallery-5762\" data-foogallery=\"{&quot;item&quot;:{&quot;showCaptionTitle&quot;:true,&quot;showCaptionDescription&quot;:true},&quot;lazy&quot;:true}\" style=\"--fg-title-line-clamp: 0; --fg-description-line-clamp: 0;\" >\n\t<div class=\"fg-item fg-type-image fg-idle\"><figure class=\"fg-item-inner\"><a href=\"https:\/\/robertjwallace.com\/wp-content\/uploads\/2022\/12\/nlh8TKZFQ8yqX5gEvNkRqQ-scaled.jpg\" data-attachment-id=\"5753\" data-type=\"image\" class=\"fg-thumb\"><span class=\"fg-image-wrap\"><img decoding=\"async\" width=\"150\" height=\"150\" class=\"skip-lazy fg-image\" data-src-fg=\"https:\/\/robertjwallace.com\/wp-content\/uploads\/cache\/2022\/12\/nlh8TKZFQ8yqX5gEvNkRqQ-scaled\/2588803628.jpg\" src=\"data:image\/svg+xml,%3Csvg%20xmlns%3D%22http%3A%2F%2Fwww.w3.org%2F2000%2Fsvg%22%20width%3D%22150%22%20height%3D%22150%22%20viewBox%3D%220%200%20150%20150%22%3E%3C%2Fsvg%3E\" loading=\"eager\"><\/span><span class=\"fg-image-overlay\"><\/span><\/a><\/figure><div class=\"fg-loader\"><\/div><\/div><div class=\"fg-item fg-type-image fg-idle\"><figure class=\"fg-item-inner\"><a href=\"https:\/\/robertjwallace.com\/wp-content\/uploads\/2022\/12\/nsBHJW_LQ0eIiZZaoRSCIg-scaled.jpg\" data-attachment-id=\"5752\" data-type=\"image\" class=\"fg-thumb\"><span class=\"fg-image-wrap\"><img decoding=\"async\" alt=\"1960 Austin Healey\" width=\"150\" height=\"150\" class=\"skip-lazy fg-image\" data-src-fg=\"https:\/\/robertjwallace.com\/wp-content\/uploads\/cache\/2022\/12\/nsBHJW_LQ0eIiZZaoRSCIg-scaled\/1717240370.jpg\" src=\"data:image\/svg+xml,%3Csvg%20xmlns%3D%22http%3A%2F%2Fwww.w3.org%2F2000%2Fsvg%22%20width%3D%22150%22%20height%3D%22150%22%20viewBox%3D%220%200%20150%20150%22%3E%3C%2Fsvg%3E\" loading=\"eager\"><\/span><span class=\"fg-image-overlay\"><\/span><\/a><\/figure><div class=\"fg-loader\"><\/div><\/div><div class=\"fg-item fg-type-image fg-idle\"><figure class=\"fg-item-inner\"><a href=\"https:\/\/robertjwallace.com\/wp-content\/uploads\/2022\/12\/HZRXMc63QiK3e64-jyeV_g-scaled.jpg\" data-attachment-id=\"5751\" data-type=\"image\" class=\"fg-thumb\"><span class=\"fg-image-wrap\"><img decoding=\"async\" alt=\"1960 Austin Healey\" width=\"150\" height=\"150\" class=\"skip-lazy fg-image\" data-src-fg=\"https:\/\/robertjwallace.com\/wp-content\/uploads\/cache\/2022\/12\/HZRXMc63QiK3e64-jyeV_g-scaled\/3069620345.jpg\" src=\"data:image\/svg+xml,%3Csvg%20xmlns%3D%22http%3A%2F%2Fwww.w3.org%2F2000%2Fsvg%22%20width%3D%22150%22%20height%3D%22150%22%20viewBox%3D%220%200%20150%20150%22%3E%3C%2Fsvg%3E\" loading=\"eager\"><\/span><span class=\"fg-image-overlay\"><\/span><\/a><\/figure><div class=\"fg-loader\"><\/div><\/div><div class=\"fg-item fg-type-image fg-idle\"><figure class=\"fg-item-inner\"><a href=\"https:\/\/robertjwallace.com\/wp-content\/uploads\/2022\/12\/bMJgTpD3QhqwGCQlQpcbdA.jpg\" data-attachment-id=\"5750\" data-type=\"image\" class=\"fg-thumb\"><span class=\"fg-image-wrap\"><img decoding=\"async\" alt=\"1960 Austin Healey\" width=\"150\" height=\"150\" class=\"skip-lazy fg-image\" data-src-fg=\"https:\/\/robertjwallace.com\/wp-content\/uploads\/cache\/2022\/12\/bMJgTpD3QhqwGCQlQpcbdA\/1032716517.jpg\" src=\"data:image\/svg+xml,%3Csvg%20xmlns%3D%22http%3A%2F%2Fwww.w3.org%2F2000%2Fsvg%22%20width%3D%22150%22%20height%3D%22150%22%20viewBox%3D%220%200%20150%20150%22%3E%3C%2Fsvg%3E\" loading=\"eager\"><\/span><span class=\"fg-image-overlay\"><\/span><\/a><\/figure><div class=\"fg-loader\"><\/div><\/div><div class=\"fg-item fg-type-image fg-idle\"><figure class=\"fg-item-inner\"><a href=\"https:\/\/robertjwallace.com\/wp-content\/uploads\/2022\/12\/I_PDvSvIT8aJcs8mWNav-g.jpg\" data-attachment-id=\"5749\" data-type=\"image\" class=\"fg-thumb\"><span class=\"fg-image-wrap\"><img decoding=\"async\" width=\"150\" height=\"150\" class=\"skip-lazy fg-image\" data-src-fg=\"https:\/\/robertjwallace.com\/wp-content\/uploads\/cache\/2022\/12\/I_PDvSvIT8aJcs8mWNav-g\/1365584689.jpg\" src=\"data:image\/svg+xml,%3Csvg%20xmlns%3D%22http%3A%2F%2Fwww.w3.org%2F2000%2Fsvg%22%20width%3D%22150%22%20height%3D%22150%22%20viewBox%3D%220%200%20150%20150%22%3E%3C%2Fsvg%3E\" loading=\"eager\"><\/span><span class=\"fg-image-overlay\"><\/span><\/a><\/figure><div class=\"fg-loader\"><\/div><\/div><\/div>\n<\/div><\/div><\/div><\/div>","protected":false},"excerpt":{"rendered":"<h1>Los siguientes tienen historias de fondo interesantes<\/h1>\n<ul>\n<li>\n<p class=\"small\">Estuve en el Cuerpo de Marines de los Estados Unidos (dado de baja honorablemente) durante 30 d\u00edas en 1969.<\/p>\n<\/li>\n<li>\n<p class=\"small\">Me aceptaron en el Cuerpo de Paz dos veces (1978 y 1994). En ambas ocasiones estuve all\u00ed dos semanas.<\/p>\n<\/li>\n<li>\n<p class=\"small\">My first trip overseas was to Paris for a two week business trip. I ended up working there for two months.<\/p>\n<\/li>\n<li>\n<p class=\"small\">Subsequent business trips of two month durations were to Munich and Toyko.<\/p>\n<\/li>\n<li>\n<p class=\"small\">En mi juventud incursion\u00e9 en las artes marciales (Kung Fu, Karate Shotokan, Tae Kwan Do, Aikido, Judo, Tai Chi).<\/p>\n<\/li>\n<li>\n<p class=\"small\">Di la vuelta al mundo una vez (Portland, Tokio, Hong Kong, Niza, Par\u00eds, Nueva York, Portland).<\/p>\n<\/li>\n<li>\n<p class=\"small\">Tengo un roadster MGA de 1957 y un Austin Healy 3000 Mark I de 1960. <br \/>\n    &nbsp;<\/p>\n<table width=\"820\" cellspacing=\"1\" cellpadding=\"1\" border=\"0\">\n<tbody>\n<tr>\n<td><img decoding=\"async\" width=\"400\" height=\"268\" align=\"top\" data-src=\"\/userfiles\/image\/1.jpg\" alt=\"\" src=\"data:image\/svg+xml;base64,PHN2ZyB3aWR0aD0iMSIgaGVpZ2h0PSIxIiB4bWxucz0iaHR0cDovL3d3dy53My5vcmcvMjAwMC9zdmciPjwvc3ZnPg==\" class=\"lazyload\" style=\"--smush-placeholder-width: 400px; --smush-placeholder-aspect-ratio: 400\/268;\" \/><\/td>\n<td>&nbsp;<\/td>\n<td><img decoding=\"async\" width=\"400\" height=\"270\" align=\"top\" data-src=\"\/userfiles\/image\/2.jpg\" alt=\"\" src=\"data:image\/svg+xml;base64,PHN2ZyB3aWR0aD0iMSIgaGVpZ2h0PSIxIiB4bWxucz0iaHR0cDovL3d3dy53My5vcmcvMjAwMC9zdmciPjwvc3ZnPg==\" class=\"lazyload\" style=\"--smush-placeholder-width: 400px; --smush-placeholder-aspect-ratio: 400\/270;\" \/><\/td>\n<\/tr>\n<\/tbody>\n<\/table>\n<p class=\"small\">&nbsp;<\/p>\n<\/li>\n<\/ul>\n<p>&nbsp;<\/p>","protected":false},"author":1,"featured_media":0,"parent":0,"menu_order":0,"comment_status":"closed","ping_status":"closed","template":"","meta":{"nf_dc_page":"","_eb_attr":"","footnotes":""},"class_list":["post-9","page","type-page","status-publish","hentry"],"featured_image_src":null,"featured_image_src_square":null,"_links":{"self":[{"href":"https:\/\/robertjwallace.com\/es\/wp-json\/wp\/v2\/pages\/9","targetHints":{"allow":["GET"]}}],"collection":[{"href":"https:\/\/robertjwallace.com\/es\/wp-json\/wp\/v2\/pages"}],"about":[{"href":"https:\/\/robertjwallace.com\/es\/wp-json\/wp\/v2\/types\/page"}],"author":[{"embeddable":true,"href":"https:\/\/robertjwallace.com\/es\/wp-json\/wp\/v2\/users\/1"}],"replies":[{"embeddable":true,"href":"https:\/\/robertjwallace.com\/es\/wp-json\/wp\/v2\/comments?post=9"}],"version-history":[{"count":17,"href":"https:\/\/robertjwallace.com\/es\/wp-json\/wp\/v2\/pages\/9\/revisions"}],"predecessor-version":[{"id":2996,"href":"https:\/\/robertjwallace.com\/es\/wp-json\/wp\/v2\/pages\/9\/revisions\/2996"}],"wp:attachment":[{"href":"https:\/\/robertjwallace.com\/es\/wp-json\/wp\/v2\/media?parent=9"}],"curies":[{"name":"wp","href":"https:\/\/api.w.org\/{rel}","templated":true}]}}