{"id":7670,"date":"2026-01-22T18:15:17","date_gmt":"2026-01-22T18:15:17","guid":{"rendered":"https:\/\/robertjwallace.com\/?page_id=7670"},"modified":"2026-01-22T18:15:18","modified_gmt":"2026-01-22T18:15:18","slug":"thoughts-and-notes-on-magic","status":"publish","type":"page","link":"https:\/\/robertjwallace.com\/es\/thoughts-and-notes-on-magic\/","title":{"rendered":"Thoughts and notes on Magic"},"content":{"rendered":"<p class=\"\">Aqu\u00ed es donde tengo mis ideas y t\u00e9cnicas para realizar magia. Debes \u00a0<a href=\"\/es\/login\/\">Iniciar sesi\u00f3n en este sitio<\/a> Para poder leer las publicaciones, si no tienes cuenta, puedes... <a href=\"\/es\/register\/\">Reg\u00edstrate aqu\u00ed<\/a>. After you register the site admin will have to approve the registration before you can login.<\/p>\n\n\n<div class=\"category-posts-organizer cpo-two-columns\" id=\"cpo-1\"><h2 class=\"cpo-parent-title\">Magia<\/h2><div class=\"cpo-categories-container\"><div class=\"cpo-child-category cpo-collapsed\"><h3 class=\"cpo-category-title cpo-toggle\" onclick=\"cpoToggleCategory(this)\"><span class=\"cpo-toggle-icon\">\u25bc<\/span> Ace Trick (34)<\/h3><ul class=\"cpo-post-list\" style=\"display:none;\"><li><a href=\"https:\/\/robertjwallace.com\/es\/ace-control\/\">Control de ases<\/a><\/li><li><a href=\"https:\/\/robertjwallace.com\/es\/ace-control-notes\/\">Notas de Ace Control<\/a><\/li><li><a href=\"https:\/\/robertjwallace.com\/es\/aces-and-dice-video\/\">V\u00eddeo de ases y dados<\/a><\/li><li><a href=\"https:\/\/robertjwallace.com\/es\/aces-and-dice-without-the-dice\/\">Ases y dados sin los dados<\/a><\/li><li><a href=\"https:\/\/robertjwallace.com\/es\/always-cut-the-cards\/\">Siempre corta las cartas<\/a><\/li><li><a href=\"https:\/\/robertjwallace.com\/es\/another-cutting-the-aces\/\">Otro corte de ases<\/a><\/li><li><a href=\"https:\/\/robertjwallace.com\/es\/bluff-shift-bluff-center\/\">Bluff Shift, centro del acantilado<\/a><\/li><li><a href=\"https:\/\/robertjwallace.com\/es\/cato\/\">Cat\u00f3n<\/a><\/li><li><a href=\"https:\/\/robertjwallace.com\/es\/christ-aces\/\">Ases de Cristo<\/a><\/li><li><a href=\"https:\/\/robertjwallace.com\/es\/cutting-the-aces\/\">Cortando los ases<\/a><\/li><li><a href=\"https:\/\/robertjwallace.com\/es\/dice-decider\/\">Dice Decider<\/a><\/li><li><a href=\"https:\/\/robertjwallace.com\/es\/direct-ace-control\/\">Control directo del as<\/a><\/li><li><a href=\"https:\/\/robertjwallace.com\/es\/easy-ace-opener\/\">Abridor de ases f\u00e1cil<\/a><\/li><li><a href=\"https:\/\/robertjwallace.com\/es\/easy-aces\/\">Ases f\u00e1ciles<\/a><\/li><li><a href=\"https:\/\/robertjwallace.com\/es\/erdnase-system-of-stock-shuffling-to-stack-for-aces-and-dice\/\">Sistema Erdnase de barajado de existencias para apilar ases y dados<\/a><\/li><li><a href=\"https:\/\/robertjwallace.com\/es\/fan-control\/\">Control del ventilador<\/a><\/li><li><a href=\"https:\/\/robertjwallace.com\/es\/finding-the-aces-the-hard-way\/\">Finding the Aces - the hard way<\/a><\/li><li><a href=\"https:\/\/robertjwallace.com\/es\/finding-the-aces-with-erdnase\/\">Encontrar los ases con Erdnase<\/a><\/li><li><a href=\"https:\/\/robertjwallace.com\/es\/four-ace-control\/\">Control de cuatro ases<\/a><\/li><li><a href=\"https:\/\/robertjwallace.com\/es\/in-the-hands-four-ace-control\/\">En las manos controlan cuatro ases<\/a><\/li><li><a href=\"https:\/\/robertjwallace.com\/es\/magnetic-cards\/\">Tarjetas magn\u00e9ticas<\/a><\/li><li><a href=\"https:\/\/robertjwallace.com\/es\/one-shuffle-eddie-a-four-ace-production\/\">One Shuffle Eddie - a four ace production<\/a><\/li><li><a href=\"https:\/\/robertjwallace.com\/es\/only-a-second\/\">S\u00f3lo un segundo<\/a><\/li><li><a href=\"https:\/\/robertjwallace.com\/es\/only-a-second-almost\/\">S\u00f3lo un segundo, casi<\/a><\/li><li><a href=\"https:\/\/robertjwallace.com\/es\/osterlind-stack-to-4-aces\/\">Osterlind acumula 4 ases<\/a><\/li><li><a href=\"https:\/\/robertjwallace.com\/es\/spectator-cuts-the-aces\/\">El espectador corta los ases<\/a><\/li><li><a href=\"https:\/\/robertjwallace.com\/es\/spectator-cuts-to-the-aces\/\">El espectador pasa a los ases<\/a><\/li><li><a href=\"https:\/\/robertjwallace.com\/es\/stacking-the-deck\/\">Apilando la baraja<\/a><\/li><li><a href=\"https:\/\/robertjwallace.com\/es\/super-ace-speller\/\">S\u00faper as de la ortograf\u00eda<\/a><\/li><li><a href=\"https:\/\/robertjwallace.com\/es\/the-last-trick-of-dr-daley-extended\/\">The Last Trick of Dr. Daley extended.<\/a><\/li><li><a href=\"https:\/\/robertjwallace.com\/es\/twisted-assembly\/\">Ensamblaje retorcido<\/a><\/li><li><a href=\"https:\/\/robertjwallace.com\/es\/variation-on-spectator-cuts-to-the-aces\/\">Variaci\u00f3n de los cortes de espectador a los ases<\/a><\/li><li><a href=\"https:\/\/robertjwallace.com\/es\/visual-ace-production\/\">Producci\u00f3n de Visual Ace<\/a><\/li><li><a href=\"https:\/\/robertjwallace.com\/es\/yaos-yet-another-overhand-stack\/\">YAOS - yet another overhand stack<\/a><\/li><\/ul><\/div><div class=\"cpo-child-category cpo-collapsed\"><h3 class=\"cpo-category-title cpo-toggle\" onclick=\"cpoToggleCategory(this)\"><span class=\"cpo-toggle-icon\">\u25bc<\/span> False Cut (9)<\/h3><ul class=\"cpo-post-list\" style=\"display:none;\"><li><a href=\"https:\/\/robertjwallace.com\/es\/and-yet-another-false-cut\/\">Y otro corte falso m\u00e1s<\/a><\/li><li><a href=\"https:\/\/robertjwallace.com\/es\/drawn-but-not-quartered-false-cut\/\">Falso corte dibujado pero no descuartizado<\/a><\/li><li><a href=\"https:\/\/robertjwallace.com\/es\/false-cut-1-drawn-and-quartered\/\">False cut #1 - Drawn and quartered<\/a><\/li><li><a href=\"https:\/\/robertjwallace.com\/es\/false-cut-2-spin-cycle-cut\/\">False cut #2 - Spin cycle cut<\/a><\/li><li><a href=\"https:\/\/robertjwallace.com\/es\/false-cut-3-charlier-undone\/\">False cut #3 - Charlier undone<\/a><\/li><li><a href=\"https:\/\/robertjwallace.com\/es\/false-cut-4-stepladder-cut\/\">False cut #4 - Stepladder cut<\/a><\/li><li><a href=\"https:\/\/robertjwallace.com\/es\/false-cuts\/\">cortes falsos<\/a><\/li><li><a href=\"https:\/\/robertjwallace.com\/es\/up-the-ladder-false-cut\/\">Subiendo la escalera corte falso<\/a><\/li><li><a href=\"https:\/\/robertjwallace.com\/es\/variations-on-erdnase-fancy-blind-cuts\/\">Variaciones sobre los cortes ciegos elegantes de Erdnase<\/a><\/li><\/ul><\/div><div class=\"cpo-child-category cpo-collapsed\"><h3 class=\"cpo-category-title cpo-toggle\" onclick=\"cpoToggleCategory(this)\"><span class=\"cpo-toggle-icon\">\u25bc<\/span> Faro Shuffle (13)<\/h3><ul class=\"cpo-post-list\" style=\"display:none;\"><li><a href=\"https:\/\/robertjwallace.com\/es\/card-tracking-trick-revisited\/\">El truco del seguimiento de cartas revisado<\/a><\/li><li><a href=\"https:\/\/robertjwallace.com\/es\/fan-control\/\">Control del ventilador<\/a><\/li><li><a href=\"https:\/\/robertjwallace.com\/es\/faro-card-control\/\">Control de tarjetas Faro<\/a><\/li><li><a href=\"https:\/\/robertjwallace.com\/es\/faro-shuffle-simulator-complete-user-guide\/\">Faro Shuffle Simulator: Complete User Guide<\/a><\/li><li><a href=\"https:\/\/robertjwallace.com\/es\/faro-shuffle-table-for-moving-any-card-to-any-location\/\">Mesa Faro Shuffle para mover cualquier carta a cualquier ubicaci\u00f3n<\/a><\/li><li><a href=\"https:\/\/robertjwallace.com\/es\/faro-shuffle-tutorial\/\">Tutorial de Faro Shuffle<\/a><\/li><li><a href=\"https:\/\/robertjwallace.com\/es\/faro-stack-for-five-hands-four-aces\/\">Pila de Faro para 3, 4, 5, 6, 7 u 8 manos, cuatro ases<\/a><\/li><li><a href=\"https:\/\/robertjwallace.com\/es\/faro-stack-from-a-cull\/\">Pila de faros de un descarte<\/a><\/li><li><a href=\"https:\/\/robertjwallace.com\/es\/faro-table-for-moving-cards\/\">Mesa Faro para mover cartas desde y hacia la parte superior<\/a><\/li><li><a href=\"https:\/\/robertjwallace.com\/es\/free-cut-poker-deal\/\">Free cut poker deal<\/a><\/li><li><a href=\"https:\/\/robertjwallace.com\/es\/sharps-and-flats\/\">Sostenidos y bemoles<\/a><\/li><li><a href=\"https:\/\/robertjwallace.com\/es\/u-s-playing-card-prediction\/\">Predicci\u00f3n de las cartas de juego de EE. UU.<\/a><\/li><li><a href=\"https:\/\/robertjwallace.com\/es\/variation-on-trick-that-fooled-pen-and-teller\/\">Variaci\u00f3n del truco que enga\u00f1\u00f3 a Pen y Teller<\/a><\/li><\/ul><\/div><div class=\"cpo-child-category cpo-collapsed\"><h3 class=\"cpo-category-title cpo-toggle\" onclick=\"cpoToggleCategory(this)\"><span class=\"cpo-toggle-icon\">\u25bc<\/span> Poker Stack (34)<\/h3><ul class=\"cpo-post-list\" style=\"display:none;\"><li><a href=\"https:\/\/robertjwallace.com\/es\/451-stack\/\">pila 451<\/a><\/li><li><a href=\"https:\/\/robertjwallace.com\/es\/5-hands-one-riffle-shuffle\/\">5 HANDS - ONE RIFFLE SHUFFLE<\/a><\/li><li><a href=\"https:\/\/robertjwallace.com\/es\/a-slightly-modified-erdnase-stack\/\">Una pila Erdnase ligeramente modificada<\/a><\/li><li><a href=\"https:\/\/robertjwallace.com\/es\/a-variation-on-a-variation-on-the-milk-build-stack\/\">A variation on a &quot;Variation on the Milk Build stack&quot;<\/a><\/li><li><a href=\"https:\/\/robertjwallace.com\/es\/an-even-easier-riffle-n-roll\/\">An even easier Riffle &#039;n&#039; Roll<\/a><\/li><li><a href=\"https:\/\/robertjwallace.com\/es\/another-bottom-riffle-runup\/\">Otra carrera de r\u00e1pidos de fondo<\/a><\/li><li><a href=\"https:\/\/robertjwallace.com\/es\/another-poker-stack\/\">Otra pila de p\u00f3quer<\/a><\/li><li><a href=\"https:\/\/robertjwallace.com\/es\/bottom-run-up-riffle-stack\/\">Bottom Run Up - Riffle Stack<\/a><\/li><li><a href=\"https:\/\/robertjwallace.com\/es\/double-duke-for-five-hands\/\">Doble Duque para cinco manos<\/a><\/li><li><a href=\"https:\/\/robertjwallace.com\/es\/easy-riffle-stacking\/\">Apilamiento f\u00e1cil de rifles<\/a><\/li><li><a href=\"https:\/\/robertjwallace.com\/es\/expert-card-technique-a-system-of-stock-shuffling\/\">T\u00c9CNICA DE CARTAS EXPERTAS: UN SISTEMA DE BARAJADO DE ACCIONES<\/a><\/li><li><a href=\"https:\/\/robertjwallace.com\/es\/faro-stack-for-five-hands-four-aces\/\">Pila de Faro para 3, 4, 5, 6, 7 u 8 manos, cuatro ases<\/a><\/li><li><a href=\"https:\/\/robertjwallace.com\/es\/faro-stack-from-a-cull\/\">Pila de faros de un descarte<\/a><\/li><li><a href=\"https:\/\/robertjwallace.com\/es\/free-cut-poker-deal\/\">Free cut poker deal<\/a><\/li><li><a href=\"https:\/\/robertjwallace.com\/es\/just-a-second-a-five-handed-poker-stack-with-faros\/\">Just a second, a five handed poker stack with Faros<\/a><\/li><li><a href=\"https:\/\/robertjwallace.com\/es\/just-lucky-riffle-stack\/\">Pila de rifles Just Lucky<\/a><\/li><li><a href=\"https:\/\/robertjwallace.com\/es\/marlos-stacking-two-sets-of-three\/\">Marlo&#039;s Stacking Two Sets of Three<\/a><\/li><li><a href=\"https:\/\/robertjwallace.com\/es\/marlos-two-and-two-combination-riffle-stack\/\">Marlo&#039;s Two-and-Two Combination riffle stack<\/a><\/li><li><a href=\"https:\/\/robertjwallace.com\/es\/milking-the-faro-5-hand-poker-stack\/\">Milking the Faro, 5 hand poker stack<\/a><\/li><li><a href=\"https:\/\/robertjwallace.com\/es\/pick-up-stack\/\">Recoger pila<\/a><\/li><li><a href=\"https:\/\/robertjwallace.com\/es\/pick-up-stack-variation\/\">Variaci\u00f3n de pila de recogida<\/a><\/li><li><a href=\"https:\/\/robertjwallace.com\/es\/practicing-the-451-stack\/\">Practicing the 451 stack<\/a><\/li><li><a href=\"https:\/\/robertjwallace.com\/es\/riffle-and-roll\/\">R\u00e1pido y rollo<\/a><\/li><li><a href=\"https:\/\/robertjwallace.com\/es\/riffle-shuffle-stack\/\">Pila de barajado r\u00e1pido<\/a><\/li><li><a href=\"https:\/\/robertjwallace.com\/es\/riffle-stack\/\">Pila de rifles<\/a><\/li><li><a href=\"https:\/\/robertjwallace.com\/es\/simple-double-duke\/\">Simple Double Duke<\/a><\/li><li><a href=\"https:\/\/robertjwallace.com\/es\/stacking-a-royal-flush-for-a-five-handed-game\/\">Stacking a Royal Flush for a five handed game.<\/a><\/li><li><a href=\"https:\/\/robertjwallace.com\/es\/stacking-the-deck\/\">Apilando la baraja<\/a><\/li><li><a href=\"https:\/\/robertjwallace.com\/es\/ten-card-poker-deal\/\">Reparto de p\u00f3quer de diez cartas<\/a><\/li><li><a href=\"https:\/\/robertjwallace.com\/es\/texas-hold-em-stacks\/\">Pilas de Texas Hold&#039;em<\/a><\/li><li><a href=\"https:\/\/robertjwallace.com\/es\/variation-on-the-milk-build-stack\/\">Variaci\u00f3n de la pila de construcci\u00f3n de leche<\/a><\/li><li><a href=\"https:\/\/robertjwallace.com\/es\/yaos-yet-another-overhand-stack\/\">YAOS - yet another overhand stack<\/a><\/li><li><a href=\"https:\/\/robertjwallace.com\/es\/yet-another-overhand-milk-stack\/\">Yet Another Overhand Milk Stack - the Judas Shuffle<\/a><\/li><li><a href=\"https:\/\/robertjwallace.com\/es\/yet-another-overhand-stack\/\">Otra pila m\u00e1s por encima de la cabeza<\/a><\/li><\/ul><\/div><div class=\"cpo-child-category cpo-collapsed\"><h3 class=\"cpo-category-title cpo-toggle\" onclick=\"cpoToggleCategory(this)\"><span class=\"cpo-toggle-icon\">\u25bc<\/span> Self Working (34)<\/h3><ul class=\"cpo-post-list\" style=\"display:none;\"><li><a href=\"https:\/\/robertjwallace.com\/es\/13-down\/\">13 Down<\/a><\/li><li><a href=\"https:\/\/robertjwallace.com\/es\/another-lie-detector\/\">Otro detector de mentiras<\/a><\/li><li><a href=\"https:\/\/robertjwallace.com\/es\/card-discovery\/\">Card Discovery<\/a><\/li><li><a href=\"https:\/\/robertjwallace.com\/es\/card-divination\/\">Adivinaci\u00f3n con cartas<\/a><\/li><li><a href=\"https:\/\/robertjwallace.com\/es\/card-tracking-trick\/\">Truco de seguimiento de tarjetas<\/a><\/li><li><a href=\"https:\/\/robertjwallace.com\/es\/card-tracking-trick-revisited\/\">El truco del seguimiento de cartas revisado<\/a><\/li><li><a href=\"https:\/\/robertjwallace.com\/es\/cato\/\">Cat\u00f3n<\/a><\/li><li><a href=\"https:\/\/robertjwallace.com\/es\/controlling-a-card-to-position-27-two-methods-from-ed-marlo\/\">Controlling a Card to Position 27: Two Methods from Ed Marlo<\/a><\/li><li><a href=\"https:\/\/robertjwallace.com\/es\/dice-prediction\/\">Dice Prediction<\/a><\/li><li><a href=\"https:\/\/robertjwallace.com\/es\/ed-marlos-26th-card-location-a-mathematical-marvel\/\">Ed Marlo&#039;s 26th Card Location - A Mathematical Marvel<\/a><\/li><li><a href=\"https:\/\/robertjwallace.com\/es\/faro-coincidence\/\">Coincidencia de Faro<\/a><\/li><li><a href=\"https:\/\/robertjwallace.com\/es\/home-made-math-sticks\/\">Palitos de matem\u00e1ticas hechos en casa<\/a><\/li><li><a href=\"https:\/\/robertjwallace.com\/es\/ians-last-bet\/\">Ian&#039;s Last Bet<\/a><\/li><li><a href=\"https:\/\/robertjwallace.com\/es\/impossible\/\">Impossible<\/a><\/li><li><a href=\"https:\/\/robertjwallace.com\/es\/jon-racherbaumers-freebies\/\">Jon Racherbaumer&#039;s Freebies<\/a><\/li><li><a href=\"https:\/\/robertjwallace.com\/es\/7347-2\/\">Just Lucky<\/a><\/li><li><a href=\"https:\/\/robertjwallace.com\/es\/larry-jennings-key-card-location-trick\/\">Larry Jennings&#039; Key Card Location Trick<\/a><\/li><li><a href=\"https:\/\/robertjwallace.com\/es\/lie-detector\/\">Detector de mentiras<\/a><\/li><li><a href=\"https:\/\/robertjwallace.com\/es\/mathematical-card-tricks\/\">Trucos matem\u00e1ticos con cartas<\/a><\/li><li><a href=\"https:\/\/robertjwallace.com\/es\/mental-math-prediction\/\">Predicci\u00f3n de c\u00e1lculo mental<\/a><\/li><li><a href=\"https:\/\/robertjwallace.com\/es\/more-on-mental-math-card-trick\/\">M\u00e1s sobre el truco de cartas de c\u00e1lculo mental<\/a><\/li><li><a href=\"https:\/\/robertjwallace.com\/es\/poker-pairadox-by-john-bannon\/\">Poker Pairadox by John Bannon<\/a><\/li><li><a href=\"https:\/\/robertjwallace.com\/es\/predicting-the-reversed-cards\/\">Predicci\u00f3n de las cartas invertidas<\/a><\/li><li><a href=\"https:\/\/robertjwallace.com\/es\/prediction-effect\/\">Prediction Effect<\/a><\/li><li><a href=\"https:\/\/robertjwallace.com\/es\/prior-commitment-simulator\/\">Prior Commitment simulator<\/a><\/li><li><a href=\"https:\/\/robertjwallace.com\/es\/reconstruction-of-tricks\/\">Reconstrucci\u00f3n de trucos<\/a><\/li><li><a href=\"https:\/\/robertjwallace.com\/es\/self-working-card-trick\/\">Self working card trick<\/a><\/li><li><a href=\"https:\/\/robertjwallace.com\/es\/super-ace-speller\/\">S\u00faper as de la ortograf\u00eda<\/a><\/li><li><a href=\"https:\/\/robertjwallace.com\/es\/the-automatic-placement-ed-marlo\/\">The Automatic Placement  (Ed Marlo)<\/a><\/li><li><a href=\"https:\/\/robertjwallace.com\/es\/the-color-coincidence-card-trick\/\">El truco de la carta de la coincidencia de colores<\/a><\/li><li><a href=\"https:\/\/robertjwallace.com\/es\/the-holmes-deduction\/\">The Holmes Deduction<\/a><\/li><li><a href=\"https:\/\/robertjwallace.com\/es\/the-three-card-mind-reading-effect-as-a-phone-app\/\">The Three Card Mind Reading effect as a phone app<\/a><\/li><li><a href=\"https:\/\/robertjwallace.com\/es\/three-card-mystery-remote-performance-edition\/\">Three Card Mystery: Remote Performance Edition<\/a><\/li><li><a href=\"https:\/\/robertjwallace.com\/es\/variation-on-trick-that-fooled-pen-and-teller\/\">Variaci\u00f3n del truco que enga\u00f1\u00f3 a Pen y Teller<\/a><\/li><\/ul><\/div><div class=\"cpo-child-category cpo-collapsed\"><h3 class=\"cpo-category-title cpo-toggle\" onclick=\"cpoToggleCategory(this)\"><span class=\"cpo-toggle-icon\">\u25bc<\/span> Tricks (37)<\/h3><ul class=\"cpo-post-list\" style=\"display:none;\"><li><a href=\"https:\/\/robertjwallace.com\/es\/a-double-sandwich\/\">Un s\u00e1ndwich doble<\/a><\/li><li><a href=\"https:\/\/robertjwallace.com\/es\/a-few-sandwiches\/\">Unos cuantos s\u00e1ndwiches<\/a><\/li><li><a href=\"https:\/\/robertjwallace.com\/es\/always-cut-the-cards\/\">Siempre corta las cartas<\/a><\/li><li><a href=\"https:\/\/robertjwallace.com\/es\/another-lie-detector\/\">Otro detector de mentiras<\/a><\/li><li><a href=\"https:\/\/robertjwallace.com\/es\/bluff-shift-bluff-center\/\">Bluff Shift, centro del acantilado<\/a><\/li><li><a href=\"https:\/\/robertjwallace.com\/es\/card-discovery\/\">Card Discovery<\/a><\/li><li><a href=\"https:\/\/robertjwallace.com\/es\/card-divination\/\">Adivinaci\u00f3n con cartas<\/a><\/li><li><a href=\"https:\/\/robertjwallace.com\/es\/card-tracking-trick\/\">Truco de seguimiento de tarjetas<\/a><\/li><li><a href=\"https:\/\/robertjwallace.com\/es\/card-tracking-trick-revisited\/\">El truco del seguimiento de cartas revisado<\/a><\/li><li><a href=\"https:\/\/robertjwallace.com\/es\/cato\/\">Cat\u00f3n<\/a><\/li><li><a href=\"https:\/\/robertjwallace.com\/es\/christ-aces\/\">Ases de Cristo<\/a><\/li><li><a href=\"https:\/\/robertjwallace.com\/es\/dai-vernons-slap-trick\/\">Dai Vernon&#039;s Slap Trick<\/a><\/li><li><a href=\"https:\/\/robertjwallace.com\/es\/derek-dingles-ambitious-classic\/\">Derek Dingles Ambitious Classic<\/a><\/li><li><a href=\"https:\/\/robertjwallace.com\/es\/dice-prediction\/\">Dice Prediction<\/a><\/li><li><a href=\"https:\/\/robertjwallace.com\/es\/doubly-ambitious\/\">Doblemente ambicioso<\/a><\/li><li><a href=\"https:\/\/robertjwallace.com\/es\/faro-coincidence\/\">Coincidencia de Faro<\/a><\/li><li><a href=\"https:\/\/robertjwallace.com\/es\/four-card-ambitious-classic-ninja-patter-version\/\">Four-Card Ambitious Classic - Ninja Patter Version<\/a><\/li><li><a href=\"https:\/\/robertjwallace.com\/es\/ghost-card-another-android-based-magic-effect\/\">Ghost Card:  Another Android based Magic Effect<\/a><\/li><li><a href=\"https:\/\/robertjwallace.com\/es\/home-made-math-sticks\/\">Palitos de matem\u00e1ticas hechos en casa<\/a><\/li><li><a href=\"https:\/\/robertjwallace.com\/es\/ians-last-bet\/\">Ian&#039;s Last Bet<\/a><\/li><li><a href=\"https:\/\/robertjwallace.com\/es\/jumping-jacks\/\">Saltos de tijera<\/a><\/li><li><a href=\"https:\/\/robertjwallace.com\/es\/mathematical-card-tricks\/\">Trucos matem\u00e1ticos con cartas<\/a><\/li><li><a href=\"https:\/\/robertjwallace.com\/es\/mind-reading-phone-app-and-more\/\">Mind reading phone app and more<\/a><\/li><li><a href=\"https:\/\/robertjwallace.com\/es\/my-thoughts-on-key-card-techniques-in-card-magic\/\">My thoughts on Key Card Techniques in Card Magic<\/a><\/li><li><a href=\"https:\/\/robertjwallace.com\/es\/new-android-trick-app\/\">New Android Trick App<\/a><\/li><li><a href=\"https:\/\/robertjwallace.com\/es\/oil-and-water\/\">Aceite y agua<\/a><\/li><li><a href=\"https:\/\/robertjwallace.com\/es\/pm-principle\/\">Principio del Primer Ministro<\/a><\/li><li><a href=\"https:\/\/robertjwallace.com\/es\/poker-pairadox-by-john-bannon\/\">Poker Pairadox by John Bannon<\/a><\/li><li><a href=\"https:\/\/robertjwallace.com\/es\/searchcipher-my-latest-phone-app\/\">SearchCipher - my latest phone app<\/a><\/li><li><a href=\"https:\/\/robertjwallace.com\/es\/short-cards\/\">Tarjetas cortas<\/a><\/li><li><a href=\"https:\/\/robertjwallace.com\/es\/showcard-a-card-reveal-tool-for-performers\/\">ShowCard \u2014 A Card Reveal Tool for Performers<\/a><\/li><li><a href=\"https:\/\/robertjwallace.com\/es\/the-color-coincidence-card-trick\/\">El truco de la carta de la coincidencia de colores<\/a><\/li><li><a href=\"https:\/\/robertjwallace.com\/es\/the-dream-lock-the-cut-deeper-force\/\">The Dream Lock &amp; The &quot;Cut Deeper&quot; Force<\/a><\/li><li><a href=\"https:\/\/robertjwallace.com\/es\/the-holmes-deduction\/\">The Holmes Deduction<\/a><\/li><li><a href=\"https:\/\/robertjwallace.com\/es\/the-last-trick-of-dr-daley-extended\/\">The Last Trick of Dr. Daley extended.<\/a><\/li><li><a href=\"https:\/\/robertjwallace.com\/es\/the-three-card-mind-reading-effect-as-a-phone-app\/\">The Three Card Mind Reading effect as a phone app<\/a><\/li><li><a href=\"https:\/\/robertjwallace.com\/es\/three-card-mystery-remote-performance-edition\/\">Three Card Mystery: Remote Performance Edition<\/a><\/li><\/ul><\/div><\/div><\/div>\n    <style>\n        .category-posts-organizer {\n            margin: 20px 0;\n        }\n        .cpo-parent-title {\n            font-size: 1.8em;\n            margin-bottom: 20px;\n            border-bottom: 2px solid #333;\n            padding-bottom: 10px;\n        }\n        \n        \/* Two column layout *\/\n        .cpo-two-columns .cpo-categories-container {\n            display: grid;\n            grid-template-columns: repeat(2, 1fr);\n            gap: 20px;\n        }\n        \n        \/* Single column layout *\/\n        .cpo-one-column .cpo-categories-container {\n            display: block;\n        }\n        \n        \/* Responsive: Stack columns on mobile *\/\n        @media (max-width: 768px) {\n            .cpo-two-columns .cpo-categories-container {\n                grid-template-columns: 1fr;\n            }\n        }\n        \n        .cpo-child-category {\n            margin-bottom: 25px;\n            break-inside: avoid;\n        }\n        \n        .cpo-category-title {\n            font-size: 1.4em;\n            color: #0073aa;\n            margin-bottom: 10px;\n        }\n        \n        .cpo-category-title.cpo-toggle {\n            cursor: pointer;\n            user-select: none;\n            transition: color 0.2s;\n        }\n        \n        .cpo-category-title.cpo-toggle:hover {\n            color: #005177;\n        }\n        \n        .cpo-toggle-icon {\n            display: inline-block;\n            transition: transform 0.3s ease;\n            font-size: 0.8em;\n        }\n        \n        .cpo-collapsed .cpo-toggle-icon {\n            transform: rotate(-90deg);\n        }\n        \n        .cpo-post-list {\n            list-style-type: disc;\n            margin-left: 20px;\n            line-height: 1.8;\n            transition: opacity 0.3s ease;\n        }\n        \n        .cpo-post-list li {\n            margin-bottom: 5px;\n        }\n        \n        .cpo-post-list a {\n            text-decoration: none;\n            color: #0073aa;\n        }\n        \n        .cpo-post-list a:hover {\n            text-decoration: underline;\n            color: #005177;\n        }\n    <\/style>\n    \n    <script>\n    function cpoToggleCategory(element) {\n        var container = element.parentElement;\n        var list = container.querySelector(\".cpo-post-list\");\n        \n        if (list.style.display === \"none\") {\n            list.style.display = \"block\";\n            container.classList.remove(\"cpo-collapsed\");\n        } else {\n            list.style.display = \"none\";\n            container.classList.add(\"cpo-collapsed\");\n        }\n    }\n    <\/script>\n\n\n\n<p class=\"\"><\/p>","protected":false},"excerpt":{"rendered":"<p>Here is where I have my thoughts and techniques on performing magic.\u00a0\u00a0 You must \u00a0log into this site in order to read the posts. If your don&#8217;t have an account you may register here. After you register the site admin will have to approve the registration before you can login.<\/p>","protected":false},"author":1,"featured_media":0,"parent":0,"menu_order":0,"comment_status":"closed","ping_status":"closed","template":"","meta":{"nf_dc_page":"","_eb_attr":"","footnotes":""},"class_list":["post-7670","page","type-page","status-publish","hentry"],"featured_image_src":null,"featured_image_src_square":null,"_links":{"self":[{"href":"https:\/\/robertjwallace.com\/es\/wp-json\/wp\/v2\/pages\/7670","targetHints":{"allow":["GET"]}}],"collection":[{"href":"https:\/\/robertjwallace.com\/es\/wp-json\/wp\/v2\/pages"}],"about":[{"href":"https:\/\/robertjwallace.com\/es\/wp-json\/wp\/v2\/types\/page"}],"author":[{"embeddable":true,"href":"https:\/\/robertjwallace.com\/es\/wp-json\/wp\/v2\/users\/1"}],"replies":[{"embeddable":true,"href":"https:\/\/robertjwallace.com\/es\/wp-json\/wp\/v2\/comments?post=7670"}],"version-history":[{"count":4,"href":"https:\/\/robertjwallace.com\/es\/wp-json\/wp\/v2\/pages\/7670\/revisions"}],"predecessor-version":[{"id":7677,"href":"https:\/\/robertjwallace.com\/es\/wp-json\/wp\/v2\/pages\/7670\/revisions\/7677"}],"wp:attachment":[{"href":"https:\/\/robertjwallace.com\/es\/wp-json\/wp\/v2\/media?parent=7670"}],"curies":[{"name":"wp","href":"https:\/\/api.w.org\/{rel}","templated":true}]}}