{"id":7641,"date":"2026-01-14T15:33:26","date_gmt":"2026-01-14T15:33:26","guid":{"rendered":"https:\/\/robertjwallace.com\/?page_id=7641"},"modified":"2026-01-14T15:35:14","modified_gmt":"2026-01-14T15:35:14","slug":"register","status":"publish","type":"page","link":"https:\/\/robertjwallace.com\/es\/register\/","title":{"rendered":"Registration"},"content":{"rendered":"<p class=\"\">Registration gives you access to my posts relating to Magic.  <\/p>\n\n\n<div class=\"tml tml-register\">\n<div class=\"tml-alerts\"><\/div><form name=\"register\" action=\"https:\/\/robertjwallace.com\/es\/register\/\" method=\"post\" novalidate=\"novalidate\" data-trp-original-action=\"https:\/\/robertjwallace.com\/es\/register\/\">\n<div class=\"tml-field-wrap tml-user_login-wrap\">\n<label class=\"tml-label\" for=\"user_login\">Nombre de usuario<\/label>\n<input name=\"user_login\" type=\"text\" value=\"\" id=\"user_login\" autocapitalize=\"off\" class=\"tml-field\">\n<\/div>\n\n<div class=\"tml-field-wrap tml-user_email-wrap\">\n<label class=\"tml-label\" for=\"user_email\">Correo electr\u00f3nico<\/label>\n<input name=\"user_email\" type=\"email\" value=\"\" id=\"user_email\" class=\"tml-field\">\n<\/div>\n\n<div class=\"tml-field-wrap tml-user_pass1-wrap\">\n<label class=\"tml-label\" for=\"pass1\">Contrase\u00f1a<\/label>\n<input name=\"user_pass1\" type=\"password\" value=\"\" id=\"pass1\" autocomplete=\"off\" class=\"tml-field\">\n<\/div>\n\n<div class=\"tml-field-wrap tml-user_pass2-wrap\">\n<label class=\"tml-label\" for=\"pass2\">Confirmar contrase\u00f1a<\/label>\n<input name=\"user_pass2\" type=\"password\" value=\"\" id=\"pass2\" autocomplete=\"off\" class=\"tml-field\">\n<\/div>\n\n<div class=\"tml-field-wrap tml-indicator-wrap\">\n<div id=\"pass-strength-result\" class=\"hide-if-no-js\" aria-live=\"polite\">Seguridad de la contrase\u00f1a<\/div><\/div>\n\n<div class=\"tml-field-wrap tml-indicator_hint-wrap\">\n<p class=\"description indicator-hint\">Truco: La contrase\u00f1a debe ser de al menos doce caracteres. Para hacerla m\u00e1s fuerte usa may\u00fasculas y min\u00fasculas, n\u00fameros y s\u00edmbolos como ! &quot; ? $ % ^ y ).<\/p><\/div>\n\n<p style=\"display: none;\"><label>Enter something special:<\/label><input name=\"aio_special_field\" type=\"text\" class=\"aio_special_field\" value=\"\" \/><\/p><p class=\"aiowps-captcha hide-when-displaying-tfa-input\"><label for=\"aiowps-captcha-answer-69ea395d61c94\">Please enter an answer in digits:<\/label><div class=\"aiowps-captcha-equation hide-when-displaying-tfa-input\"><strong>3 &#215; five = <input type=\"hidden\" name=\"aiowps-captcha-string-info\" class=\"aiowps-captcha-string-info\" value=\"rlj9i6mpni\" \/><input type=\"hidden\" name=\"aiowps-captcha-temp-string\" class=\"aiowps-captcha-temp-string\" value=\"1776957789\" \/><input type=\"text\" size=\"2\" id=\"aiowps-captcha-answer-69ea395d61c94\" class=\"aiowps-captcha-answer\" name=\"aiowps-captcha-answer\" value=\"\" autocomplete=\"off\" \/><\/strong><\/div><\/p>\n<div class=\"tml-field-wrap tml-submit-wrap\">\n<button name=\"submit\" type=\"submit\" class=\"tml-button\">Registrarse<\/button>\n<\/div>\n\n<input name=\"redirect_to\" type=\"hidden\" value=\"\">\n\n<input type=\"hidden\" name=\"trp-form-language\" value=\"es\"\/><\/form>\n<ul class=\"tml-links\"><li class=\"tml-login-link\"><a href=\"https:\/\/robertjwallace.com\/es\/login\/\">Acceder<\/a><\/li><li class=\"tml-lostpassword-link\"><a href=\"https:\/\/robertjwallace.com\/es\/lostpassword\/\">\u00bfOlvidaste tu contrase\u00f1a?<\/a><\/li><\/ul><\/div>\n\n\n\n\n<p class=\"\"><\/p>","protected":false},"excerpt":{"rendered":"<p>Registration gives you access to my posts relating to Magic.<\/p>","protected":false},"author":1,"featured_media":0,"parent":0,"menu_order":0,"comment_status":"closed","ping_status":"closed","template":"","meta":{"nf_dc_page":"","_eb_attr":"","footnotes":""},"class_list":["post-7641","page","type-page","status-publish","hentry"],"featured_image_src":null,"featured_image_src_square":null,"_links":{"self":[{"href":"https:\/\/robertjwallace.com\/es\/wp-json\/wp\/v2\/pages\/7641","targetHints":{"allow":["GET"]}}],"collection":[{"href":"https:\/\/robertjwallace.com\/es\/wp-json\/wp\/v2\/pages"}],"about":[{"href":"https:\/\/robertjwallace.com\/es\/wp-json\/wp\/v2\/types\/page"}],"author":[{"embeddable":true,"href":"https:\/\/robertjwallace.com\/es\/wp-json\/wp\/v2\/users\/1"}],"replies":[{"embeddable":true,"href":"https:\/\/robertjwallace.com\/es\/wp-json\/wp\/v2\/comments?post=7641"}],"version-history":[{"count":2,"href":"https:\/\/robertjwallace.com\/es\/wp-json\/wp\/v2\/pages\/7641\/revisions"}],"predecessor-version":[{"id":7643,"href":"https:\/\/robertjwallace.com\/es\/wp-json\/wp\/v2\/pages\/7641\/revisions\/7643"}],"wp:attachment":[{"href":"https:\/\/robertjwallace.com\/es\/wp-json\/wp\/v2\/media?parent=7641"}],"curies":[{"name":"wp","href":"https:\/\/api.w.org\/{rel}","templated":true}]}}