{"id":3654,"date":"2019-12-07T18:37:51","date_gmt":"2019-12-07T18:37:51","guid":{"rendered":"https:\/\/robertjwallace.com\/?page_id=3654"},"modified":"2021-02-22T17:39:52","modified_gmt":"2021-02-22T17:39:52","slug":"travel","status":"publish","type":"page","link":"https:\/\/robertjwallace.com\/es\/3-2\/travel\/","title":{"rendered":"Viajar"},"content":{"rendered":"<figure class=\"wp-block-image size-large\"><img decoding=\"async\" width=\"600\" height=\"119\" data-src=\"https:\/\/robertjwallace-images.s3.us-east-2.amazonaws.com\/wp-content\/uploads\/2019\/12\/world1.gif\" alt=\"\" class=\"wp-image-3655 lazyload\" src=\"data:image\/svg+xml;base64,PHN2ZyB3aWR0aD0iMSIgaGVpZ2h0PSIxIiB4bWxucz0iaHR0cDovL3d3dy53My5vcmcvMjAwMC9zdmciPjwvc3ZnPg==\" style=\"--smush-placeholder-width: 600px; --smush-placeholder-aspect-ratio: 600\/119;\"><\/figure>\n\n\n\n<p>De joven viaj\u00e9 mucho. Conoc\u00ed diferentes culturas y pueblos. Pero ahora prefiero viajar a lugares cercanos. Oreg\u00f3n tiene much\u00edsimo que ofrecer, desde la costa hasta las monta\u00f1as. Disfruto especialmente visitar la casa de mi primo cerca de Condon, Oreg\u00f3n. Ya he viajado bastante en avi\u00f3n y odio volar. La lista a continuaci\u00f3n es bastante completa, pero sospecho que me he olvidado de algunos lugares. Aqu\u00ed hay un enlace a... <a href=\"https:\/\/robertjwallace.com\/es\/passports\/\">Im\u00e1genes de mis pasaportes y sellos de pasaporte.<\/a>.<\/p>\n\n\n\n<p><strong>Estados Unidos continentales \u2013<\/strong>&nbsp;Oreg\u00f3n: Portland, Eugene, Ashland, Condon, Bend, Costa de Oreg\u00f3n\u2026; Nueva York: Nueva York, Roma; California: San Francisco, Los \u00c1ngeles, San Diego, Sacramento; Nevada; Reno, Las Vegas; Arizona; Phoenix; Montana: Livingston; Florida: Orlando; Colorado: Denver, Colorado Springs, Breckenridge<\/p>\n\n\n\n<p><strong>Reino Unido \u2013<\/strong>\u00a0Londres, Ipswisch, Sterling, Edimburgo, Glasgow, Newcastle (<strong><a href=\"https:\/\/robertjwallace.com\/es\/3-2\/travel\/les-vacances-du-deux-personnes-jackie-et-robert-part-one\/\">Leer m\u00e1s<\/a> \u2013 mis vacaciones con Jackie<\/strong>)<\/p>\n\n\n\n<p><strong>Francia -<\/strong>\u00a0<a href=\"https:\/\/robertjwallace.com\/es\/france-trip-1978\/\">Par\u00eds<\/a>, Nante, Niza (leer sobre ello en mi <a href=\"https:\/\/robertjwallace.com\/es\/around-the-world-in-part-2-nice-london-and-home\/\"><strong>La vuelta al mundo parte 2<\/strong> <\/a>informe de viaje), Cannes, Burdeos, M\u00f3naco (<strong><a href=\"https:\/\/robertjwallace.com\/es\/3-2\/travel\/les-vacances-du-deux-personnes-jackie-et-robert-part-two\/\">Leer m\u00e1s \u2013 Mis vacaciones con Jackie<\/a><\/strong>)<\/p>\n\n\n\n<p><strong>Alemania -<\/strong>&nbsp;M\u00fanich, Colonia.  <a href=\"https:\/\/robertjwallace.com\/es\/germany-trip-report-1982\/\"><strong>Leer m\u00e1s<\/strong><\/a><\/p>\n\n\n\n<p><strong>India -<\/strong>&nbsp;Bombay (Mumbai), Mysore, Hyderabad, Amedabad, Bangalore.<a href=\"https:\/\/robertjwallace.com\/es\/india-trip-report-1989\/\"> <strong>Leer m\u00e1s<\/strong><\/a><\/p>\n\n\n\n<p><strong>Jap\u00f3n \u2013<\/strong>&nbsp;Tokio, Osaka, Nikko, Kioto<\/p>\n\n\n\n<p><strong>Haw\u00e1i \u2013<\/strong>&nbsp;Hawaii, Maui, Lanai, Oahu, Kauai, Honolulu (lugar de nacimiento), Lahaina\u2026<\/p>\n\n\n\n<p><strong>Israel \u2013<\/strong>&nbsp;Tel Aviv, Jerusal\u00e9n. <strong> <a href=\"https:\/\/robertjwallace.com\/es\/israel\/\">Leer m\u00e1s<\/a><\/strong><\/p>\n\n\n\n<p><strong>Canad\u00e1 \u2013<\/strong>&nbsp;Vancouver, Whistler\/Blackcomb, Ottawa<\/p>\n\n\n\n<p><strong>Corea \u2013<\/strong>&nbsp;Se\u00fal<\/p>\n\n\n\n<p><strong>Porcelana -<\/strong>&nbsp;Hong Kong, parte de mi \u201c<strong><a href=\"https:\/\/robertjwallace.com\/es\/around-the-world-in-part-i-portland-toyko-hong-kong-london\/\">La vuelta al mundo<\/a>, parte 1\u2033<\/strong> viaje.<\/p>\n\n\n\n<p><strong>Costa Rica \u2013<\/strong>&nbsp;San Jos\u00e9, Jac\u00f3, Quepos, Manuel Antonio. <strong><a href=\"https:\/\/robertjwallace.com\/es\/3-2\/travel\/costa-rica-vacation-march-16th-27th-1998\/\">Leer m\u00e1s<\/a><\/strong><\/p>","protected":false},"excerpt":{"rendered":"<p>When I was younger I traveled a lot. I have seen different cultures and peoples.&nbsp; But these days I prefer traveling to nearby locations.&nbsp; Oregon has so much to offer, from the coast to the mountains.&nbsp; I especially enjoy visiting my cousin&#8217;s place near Condon, Oregon.&nbsp; I have done enough airplane travel and hate flying.&nbsp; &hellip; <\/p>\n<p class=\"link-more\"><a href=\"https:\/\/robertjwallace.com\/es\/3-2\/travel\/\" class=\"more-link\">Continuar leyendo<span class=\"screen-reader-text\"> &#8220;Travel&#8221;<\/span><\/a><\/p>","protected":false},"author":1,"featured_media":0,"parent":229,"menu_order":0,"comment_status":"closed","ping_status":"closed","template":"","meta":{"nf_dc_page":"","_eb_attr":"","footnotes":""},"class_list":["post-3654","page","type-page","status-publish","hentry"],"featured_image_src":null,"featured_image_src_square":null,"_links":{"self":[{"href":"https:\/\/robertjwallace.com\/es\/wp-json\/wp\/v2\/pages\/3654","targetHints":{"allow":["GET"]}}],"collection":[{"href":"https:\/\/robertjwallace.com\/es\/wp-json\/wp\/v2\/pages"}],"about":[{"href":"https:\/\/robertjwallace.com\/es\/wp-json\/wp\/v2\/types\/page"}],"author":[{"embeddable":true,"href":"https:\/\/robertjwallace.com\/es\/wp-json\/wp\/v2\/users\/1"}],"replies":[{"embeddable":true,"href":"https:\/\/robertjwallace.com\/es\/wp-json\/wp\/v2\/comments?post=3654"}],"version-history":[{"count":8,"href":"https:\/\/robertjwallace.com\/es\/wp-json\/wp\/v2\/pages\/3654\/revisions"}],"predecessor-version":[{"id":5260,"href":"https:\/\/robertjwallace.com\/es\/wp-json\/wp\/v2\/pages\/3654\/revisions\/5260"}],"up":[{"embeddable":true,"href":"https:\/\/robertjwallace.com\/es\/wp-json\/wp\/v2\/pages\/229"}],"wp:attachment":[{"href":"https:\/\/robertjwallace.com\/es\/wp-json\/wp\/v2\/media?parent=3654"}],"curies":[{"name":"wp","href":"https:\/\/api.w.org\/{rel}","templated":true}]}}