{"id":330,"date":"2015-11-21T04:03:48","date_gmt":"2015-11-21T04:03:48","guid":{"rendered":"http:\/\/bob.hanlonbrown.com\/next\/?page_id=330"},"modified":"2019-06-07T16:17:35","modified_gmt":"2019-06-07T16:17:35","slug":"resume","status":"publish","type":"page","link":"https:\/\/robertjwallace.com\/es\/resume\/","title":{"rendered":"Curr\u00edculum vitae"},"content":{"rendered":"<div id=\"pl-330\"  class=\"panel-layout\" ><div id=\"pg-330-0\"  class=\"panel-grid panel-has-style\" ><div class=\"siteorigin-panels-stretch panel-row-style panel-row-style-for-330-0\" data-stretch-type=\"full-stretched\" ><div id=\"pgc-330-0-0\"  class=\"panel-grid-cell\" ><div id=\"panel-330-0-0-0\" class=\"so-panel widget widget_sow-hero panel-first-child panel-last-child\" data-index=\"0\" ><div\n\t\t\t\n\t\t\tclass=\"so-widget-sow-hero so-widget-sow-hero-default-71c7cbaef06b-330 so-widget-fittext-wrapper\"\n\t\t\t data-fit-text-compressor=\"0.85\"\n\t\t>\t\t\t\t<div class=\"sow-slider-base\" style=\"display: none\" tabindex=\"0\">\n\t\t\t\t\t<ul\n\t\t\t\t\tclass=\"sow-slider-images\"\n\t\t\t\t\tdata-settings=\"{&quot;pagination&quot;:true,&quot;speed&quot;:800,&quot;timeout&quot;:8000,&quot;paused&quot;:false,&quot;pause_on_hover&quot;:false,&quot;swipe&quot;:true,&quot;nav_always_show_desktop&quot;:&quot;&quot;,&quot;nav_always_show_mobile&quot;:&quot;&quot;,&quot;breakpoint&quot;:&quot;780px&quot;,&quot;unmute&quot;:false,&quot;anchor&quot;:null}\"\n\t\t\t\t\t\t\t\t\t\tdata-anchor-id=\"\"\n\t\t\t\t>\t\t<li class=\"sow-slider-image  sow-slider-image-cover\" style=\"visibility: visible;;background-color: #f9f9f9\" >\n\t\t\t\t\t<div class=\"sow-slider-image-container\">\n\t\t\t<div class=\"sow-slider-image-wrapper\">\n\t\t\t\t<h2 style=\"text-align: center\"><span style=\"color: #000000\">Hola, soy Bob Wallace.<\/span><\/h2><p style=\"text-align: center\"><span style=\"color: #000000\">Director t\u00e9cnico, ingeniero de software, profesor adjunto y ocasionalmente mago.<\/span><\/p><p>\u00a0<\/p><p style=\"text-align: center\"><span style=\"color: #000000\"><a href=\"mailto:bob_j_wallace@hotmail.com\">bob_j_wallace@hotmail.com<\/a><\/span><\/p>\t\t\t<\/div>\n\t\t<\/div>\n\t\t<div class=\"sow-slider-image-overlay sow-slider-image-cover lazyload\" style=\"opacity: 0.46;background-image:inherit\"   data-bg-image=\"url(https:\/\/robertjwallace-images.s3.us-east-2.amazonaws.com\/wp-content\/uploads\/2015\/11\/bobw.jpg)\"><\/div>\t\t<\/li>\n\t\t<\/ul>\t\t\t\t<ol class=\"sow-slider-pagination\">\n\t\t\t\t\t\t\t\t\t\t\t<li><a href=\"#\" data-goto=\"0\" aria-label=\"Mostrar diapositiva 1\"><\/a><\/li>\n\t\t\t\t\t\t\t\t\t<\/ol>\n\n\t\t\t\t<div class=\"sow-slide-nav sow-slide-nav-next\">\n\t\t\t\t\t<a href=\"#\" data-goto=\"next\" aria-label=\"Siguiente diapositiva\" data-action=\"next\">\n\t\t\t\t\t\t<em class=\"sow-sld-icon-thin-right\"><\/em>\n\t\t\t\t\t<\/a>\n\t\t\t\t<\/div>\n\n\t\t\t\t<div class=\"sow-slide-nav sow-slide-nav-prev\">\n\t\t\t\t\t<a href=\"#\" data-goto=\"previous\" aria-label=\"Diapositiva anterior\" data-action=\"prev\">\n\t\t\t\t\t\t<em class=\"sow-sld-icon-thin-left\"><\/em>\n\t\t\t\t\t<\/a>\n\t\t\t\t<\/div>\n\t\t\t\t<\/div><\/div><\/div><\/div><\/div><\/div><div id=\"pg-330-1\"  class=\"panel-grid panel-has-style\" ><div class=\"siteorigin-panels-stretch panel-row-style panel-row-style-for-330-1\" data-stretch-type=\"full\" ><div id=\"pgc-330-1-0\"  class=\"panel-grid-cell\" ><div id=\"panel-330-1-0-0\" class=\"so-panel widget widget_sow-editor panel-first-child panel-last-child\" data-index=\"1\" ><div\n\t\t\t\n\t\t\tclass=\"so-widget-sow-editor so-widget-sow-editor-base\"\n\t\t\t\n\t\t>\n<div class=\"siteorigin-widget-tinymce textwidget\">\n\t<h1><span style=\"text-decoration: underline;\">Educaci\u00f3n<\/span>cati\u00f3n<\/h1>\n<\/div>\n<\/div><\/div><\/div><\/div><\/div><div id=\"pg-330-2\"  class=\"panel-grid panel-has-style\" ><div class=\"siteorigin-panels-stretch panel-row-style panel-row-style-for-330-2\" data-stretch-type=\"full\" ><div id=\"pgc-330-2-0\"  class=\"panel-grid-cell\" ><div id=\"panel-330-2-0-0\" class=\"so-panel widget widget_sow-editor panel-first-child panel-last-child\" data-index=\"2\" ><div\n\t\t\t\n\t\t\tclass=\"so-widget-sow-editor so-widget-sow-editor-base\"\n\t\t\t\n\t\t>\n<div class=\"siteorigin-widget-tinymce textwidget\">\n\t<h2>Maestr\u00eda en Administraci\u00f3n de Empresas<\/h2>\n<p>Colegio Marylhurst, 1992-1993<\/p>\n<p>\u00a0<\/p>\n<\/div>\n<\/div><\/div><\/div><div id=\"pgc-330-2-1\"  class=\"panel-grid-cell\" ><div id=\"panel-330-2-1-0\" class=\"so-panel widget widget_sow-editor panel-first-child panel-last-child\" data-index=\"3\" ><div\n\t\t\t\n\t\t\tclass=\"so-widget-sow-editor so-widget-sow-editor-base\"\n\t\t\t\n\t\t>\n<div class=\"siteorigin-widget-tinymce textwidget\">\n\t<h2>Licenciatura en Ciencias, Inform\u00e1tica<\/h2>\n<p>Universidad de Oreg\u00f3n, 1975-1976<\/p>\n<p>\u00a0<\/p>\n<\/div>\n<\/div><\/div><\/div><div id=\"pgc-330-2-2\"  class=\"panel-grid-cell\" ><div id=\"panel-330-2-2-0\" class=\"so-panel widget widget_sow-editor panel-first-child panel-last-child\" data-index=\"4\" ><div\n\t\t\t\n\t\t\tclass=\"so-widget-sow-editor so-widget-sow-editor-base\"\n\t\t\t\n\t\t>\n<div class=\"siteorigin-widget-tinymce textwidget\">\n\t<h2>De licenciatura<\/h2>\n<p>Colegio del Sur de Oreg\u00f3n 1971-1975<\/p>\n<p>Asesor residente \u2013 tercer a\u00f1o, jefe de residentes \u2013 \u00faltimo a\u00f1o, estudi\u00e9 arte y psicolog\u00eda, pero luego decid\u00ed que quer\u00eda ganarme la vida.<\/p>\n<p>\u00a0<\/p>\n<\/div>\n<\/div><\/div><\/div><div id=\"pgc-330-2-3\"  class=\"panel-grid-cell\" ><div id=\"panel-330-2-3-0\" class=\"so-panel widget widget_sow-editor panel-first-child panel-last-child\" data-index=\"5\" ><div\n\t\t\t\n\t\t\tclass=\"so-widget-sow-editor so-widget-sow-editor-base\"\n\t\t\t\n\t\t>\n<div class=\"siteorigin-widget-tinymce textwidget\">\n\t<h2>Seminarios y cursos varios<\/h2>\n<p>Guerra submarina; Dise\u00f1o de radares de matriz en fase; Gesti\u00f3n de relaciones interpersonales; Gesti\u00f3n de reuniones, cursos 101 y 201 de Eloqua (software de marketing directo).<\/p>\n<p>\u00a0<\/p>\n<\/div>\n<\/div><\/div><\/div><\/div><\/div><div id=\"pg-330-3\"  class=\"panel-grid panel-has-style\" ><div class=\"siteorigin-panels-stretch panel-row-style panel-row-style-for-330-3\" data-stretch-type=\"full\" ><div id=\"pgc-330-3-0\"  class=\"panel-grid-cell\" ><div id=\"panel-330-3-0-0\" class=\"so-panel widget widget_sow-editor panel-first-child panel-last-child\" data-index=\"6\" ><div\n\t\t\t\n\t\t\tclass=\"so-widget-sow-editor so-widget-sow-editor-base\"\n\t\t\t\n\t\t>\n<div class=\"siteorigin-widget-tinymce textwidget\">\n\t<h1><span style=\"text-decoration: underline;\">Canalla<\/span>r\u00edculo vitae<\/h1>\n<\/div>\n<\/div><\/div><\/div><\/div><\/div><div id=\"pg-330-4\"  class=\"panel-grid panel-has-style\" ><div class=\"siteorigin-panels-stretch panel-row-style panel-row-style-for-330-4\" data-stretch-type=\"full\" ><div id=\"pgc-330-4-0\"  class=\"panel-grid-cell\" ><div id=\"panel-330-4-0-0\" class=\"so-panel widget widget_sow-editor panel-first-child panel-last-child\" data-index=\"7\" ><div\n\t\t\t\n\t\t\tclass=\"so-widget-sow-editor so-widget-sow-editor-base\"\n\t\t\t\n\t\t>\n<div class=\"siteorigin-widget-tinymce textwidget\">\n\t<h2>Clark College, Vancouver, Washington.<\/h2>\n<p>Periodo de empleo: 2003 a 2016<\/p>\n<p>Cargo: Profesor Adjunto.<\/p>\n<p>Miembro del Consejo Asesor de Tecnolog\u00eda Inform\u00e1tica. Imparte cursos de Tecnolog\u00eda Inform\u00e1tica, incluyendo<\/p>\n<ul>\n<li>Introducci\u00f3n a HTML<\/li>\n<li>Introducci\u00f3n a los scripts web (JavaScript y jQuery)<\/li>\n<li>Introducci\u00f3n a la programaci\u00f3n inform\u00e1tica (Python)<\/li>\n<li>Introducci\u00f3n a Unix<\/li>\n<\/ul>\n<\/div>\n<\/div><\/div><\/div><div id=\"pgc-330-4-1\"  class=\"panel-grid-cell\" ><div id=\"panel-330-4-1-0\" class=\"so-panel widget widget_sow-editor panel-first-child panel-last-child\" data-index=\"8\" ><div\n\t\t\t\n\t\t\tclass=\"so-widget-sow-editor so-widget-sow-editor-base\"\n\t\t\t\n\t\t>\n<div class=\"siteorigin-widget-tinymce textwidget\">\n\t<h2>Dise\u00f1o HB<\/h2>\n<p>Periodo de empleo: 1998 - 2016<\/p>\n<p>Puesto: Director T\u00e9cnico<\/p>\n<p>Gerente T\u00e9cnico. Desarroll\u00f3 sistemas internos de intranet (incluyendo presupuestos, control de tiempo, facturaci\u00f3n y cobros). Brind\u00f3 asesoramiento t\u00e9cnico a los directivos de la empresa. Aport\u00f3 habilidades de ingenier\u00eda web para el desarrollo de sitios web de clientes, incluyendo programaci\u00f3n front-end y back-end (html, xhtml, xml, php, asp, asp.net, sql, perl). Lider\u00f3 un equipo de desarrolladores web. Imparti\u00f3 capacitaci\u00f3n web a Ventas y Marketing.<\/p>\n<p>Contratista con Insignia Verde de Intel. Administraci\u00f3n de sistemas para micrositios internos y externos. Desarrollo de c\u00f3digo front-end y back-end para sitios web.<\/p>\n<\/div>\n<\/div><\/div><\/div><\/div><\/div><div id=\"pg-330-5\"  class=\"panel-grid panel-has-style\" ><div class=\"siteorigin-panels-stretch panel-row-style panel-row-style-for-330-5\" data-stretch-type=\"full\" ><div id=\"pgc-330-5-0\"  class=\"panel-grid-cell\" ><div id=\"panel-330-5-0-0\" class=\"so-panel widget widget_sow-editor panel-first-child panel-last-child\" data-index=\"9\" ><div\n\t\t\t\n\t\t\tclass=\"so-widget-sow-editor so-widget-sow-editor-base\"\n\t\t\t\n\t\t>\n<div class=\"siteorigin-widget-tinymce textwidget\">\n\t<h2>Corporaci\u00f3n Intel<\/h2>\n<p>Periodo de empleo: 1994-1998<\/p>\n<p>Puesto: Gerente de Comunicaciones de Marketing.<\/p>\n<p>Proporcion\u00f3 soporte de marcom a la Divisi\u00f3n de Supercomputadoras, la Divisi\u00f3n de Sistemas Empresariales y la Divisi\u00f3n de Sistemas Escalables.<\/p>\n<p>\u00a0<\/p>\n<\/div>\n<\/div><\/div><\/div><div id=\"pgc-330-5-1\"  class=\"panel-grid-cell\" ><div id=\"panel-330-5-1-0\" class=\"so-panel widget widget_sow-editor panel-first-child panel-last-child\" data-index=\"10\" ><div\n\t\t\t\n\t\t\tclass=\"so-widget-sow-editor so-widget-sow-editor-base\"\n\t\t\t\n\t\t>\n<div class=\"siteorigin-widget-tinymce textwidget\">\n\t<h2>Trabajador aut\u00f3nomo\/estudiante<\/h2>\n<p>Periodo de empleo: 1992-1994<\/p>\n<p>Mago, consultor inform\u00e1tico, trabajo de dise\u00f1o gr\u00e1fico. Estudiante de MBA en Marylhurst College.<\/p>\n<p>\u00a0<\/p>\n<\/div>\n<\/div><\/div><\/div><\/div><\/div><div id=\"pg-330-6\"  class=\"panel-grid panel-has-style\" ><div class=\"siteorigin-panels-stretch panel-row-style panel-row-style-for-330-6\" data-stretch-type=\"full\" ><div id=\"pgc-330-6-0\"  class=\"panel-grid-cell\" ><div id=\"panel-330-6-0-0\" class=\"so-panel widget widget_sow-editor panel-first-child panel-last-child\" data-index=\"11\" ><div\n\t\t\t\n\t\t\tclass=\"so-widget-sow-editor so-widget-sow-editor-base\"\n\t\t\t\n\t\t>\n<div class=\"siteorigin-widget-tinymce textwidget\">\n\t<h2>Sistemas inform\u00e1ticos Aptec<\/h2>\n<p>Periodo de empleo: 1985-1992<\/p>\n<p>Puesto: Gerente de Marketing T\u00e9cnico, Gerente de Servicio al Cliente.<\/p>\n<p>Proporcion\u00f3 soporte de ventas y marketing para un sistema inform\u00e1tico especializado en el mercado de supercomputadoras.<\/p>\n<\/div>\n<\/div><\/div><\/div><div id=\"pgc-330-6-1\"  class=\"panel-grid-cell\" ><div id=\"panel-330-6-1-0\" class=\"so-panel widget widget_sow-editor panel-first-child panel-last-child\" data-index=\"12\" ><div\n\t\t\t\n\t\t\tclass=\"so-widget-sow-editor so-widget-sow-editor-base\"\n\t\t\t\n\t\t>\n<div class=\"siteorigin-widget-tinymce textwidget\">\n\t<h2>Corporaci\u00f3n Metheus<\/h2>\n<p>Periodo de empleo: 1983-1985<\/p>\n<p>Puesto: Ingeniero de Software, Ingeniero T\u00e9cnico de Marketing.\u00a0<\/p>\n<p>Roles y responsabilidades:<\/p>\n<p>Trabaj\u00e9 en ventas y marketing, proporcionando benchmarks y otro software para apoyar la venta de estaciones de trabajo de dise\u00f1o VLSI. El trabajo implicaba numerosos viajes internacionales.<\/p>\n<p>\u00a0<\/p>\n<\/div>\n<\/div><\/div><\/div><\/div><\/div><div id=\"pg-330-7\"  class=\"panel-grid panel-has-style\" ><div class=\"siteorigin-panels-stretch panel-row-style panel-row-style-for-330-7\" data-stretch-type=\"full\" ><div id=\"pgc-330-7-0\"  class=\"panel-grid-cell\" ><div id=\"panel-330-7-0-0\" class=\"so-panel widget widget_sow-editor panel-first-child panel-last-child\" data-index=\"13\" ><div\n\t\t\t\n\t\t\tclass=\"so-widget-sow-editor so-widget-sow-editor-base\"\n\t\t\t\n\t\t>\n<div class=\"siteorigin-widget-tinymce textwidget\">\n\t<h2><a href=\"http:\/\/en.wikipedia.org\/wiki\/Floating_Point_Systems\" target=\"_blank\">Sistemas de punto flotante<\/a><\/h2>\n<p>Periodo de empleo: 1978-1983<\/p>\n<p>Puesto: Gerente de Ingenier\u00eda,<\/p>\n<p>Gerente de Ingenier\u00eda, Ingenier\u00eda de Diagn\u00f3stico. Lider\u00e9 un grupo de ingenieros de software encargados del dise\u00f1o de software de diagn\u00f3stico para procesadores de matriz. El puesto implicaba numerosos viajes internacionales.<\/p>\n<p>\u00a0<\/p>\n<\/div>\n<\/div><\/div><\/div><div id=\"pgc-330-7-1\"  class=\"panel-grid-cell\" ><div id=\"panel-330-7-1-0\" class=\"so-panel widget widget_sow-editor panel-first-child panel-last-child\" data-index=\"14\" ><div\n\t\t\t\n\t\t\tclass=\"so-widget-sow-editor so-widget-sow-editor-base\"\n\t\t\t\n\t\t>\n<div class=\"siteorigin-widget-tinymce textwidget\">\n\t<h2>Ciudad de Portland<\/h2>\n<p>Empleo 1976-1978<\/p>\n<p>Puesto: Operador\/Programador de Computadora<\/p>\n<p>Ah, mi primer trabajo despu\u00e9s de la universidad... Programador\/operador de computadoras. Trabaj\u00e9 con una IBM 1130. Me contrataron porque ten\u00eda experiencia con la 1130 en el Southern Oregon College.<\/p>\n<\/div>\n<\/div><\/div><\/div><\/div><\/div><div id=\"pg-330-8\"  class=\"panel-grid panel-has-style\" ><div class=\"siteorigin-panels-stretch panel-row-style panel-row-style-for-330-8\" data-stretch-type=\"full\" ><div id=\"pgc-330-8-0\"  class=\"panel-grid-cell\" ><div id=\"panel-330-8-0-0\" class=\"so-panel widget widget_sow-editor panel-first-child\" data-index=\"15\" ><div\n\t\t\t\n\t\t\tclass=\"so-widget-sow-editor so-widget-sow-editor-base\"\n\t\t\t\n\t\t>\n<div class=\"siteorigin-widget-tinymce textwidget\">\n\t<h3 style=\"text-align: center\"><span style=\"color: #ffffff\">\u00bfEst\u00e1s buscando entrevistar a posibles miembros del equipo?<\/span><\/h3>\n<\/div>\n<\/div><\/div><div id=\"panel-330-8-0-1\" class=\"so-panel widget widget_sow-button panel-last-child\" data-index=\"16\" ><div\n\t\t\t\n\t\t\tclass=\"so-widget-sow-button so-widget-sow-button-flat-6c929ef16682-330\"\n\t\t\t\n\t\t><div class=\"ow-button-base ow-button-align-center\"\n>\n\t\t\t<a\n\t\t\t\t\thref=\"https:\/\/robertjwallace.com\/es\/?page_id=292\"\n\t\t\t\t\tclass=\"sowb-button ow-icon-placement-left ow-button-hover\" \t>\n\t\t<span>\n\t\t\t<span class=\"sow-icon-fontawesome sow-far\" data-sow-icon=\"&#xf0e0;\"\n\t\tstyle=\"color: #1e73be\" \n\t\taria-hidden=\"true\"><\/span>\n\t\t\tCont\u00e1ctame\t\t<\/span>\n\t\t\t<\/a>\n\t<\/div>\n<\/div><\/div><\/div><\/div><\/div><div id=\"pg-330-9\"  class=\"panel-grid panel-has-style\" ><div class=\"siteorigin-panels-stretch panel-row-style panel-row-style-for-330-9\" data-stretch-type=\"full\" ><div id=\"pgc-330-9-0\"  class=\"panel-grid-cell\" ><div id=\"panel-330-9-0-0\" class=\"so-panel widget widget_sow-social-media-buttons panel-first-child panel-last-child\" data-index=\"17\" ><div\n\t\t\t\n\t\t\tclass=\"so-widget-sow-social-media-buttons so-widget-sow-social-media-buttons-flat-b7b7faeff651-330\"\n\t\t\t\n\t\t>\n\n<div class=\"social-media-button-container\">\n\t\n\t\t<a \n\t\tclass=\"ow-button-hover sow-social-media-button-facebook-0 sow-social-media-button\" title=\"Robert J Wallace en Facebook\" aria-label=\"Robert J Wallace en Facebook\" target=\"_blank\" rel=\"noopener noreferrer\" href=\"https:\/\/www.facebook.com\/bob.j.wallace\" \t\t>\n\t\t\t<span>\n\t\t\t\t\t\t\t\t<span class=\"sow-icon-fontawesome sow-fab\" data-sow-icon=\"&#xf39e;\"\n\t\t \n\t\taria-hidden=\"true\"><\/span>\t\t\t\t\t\t\t<\/span>\n\t\t<\/a>\n\t\n\t\t<a \n\t\tclass=\"ow-button-hover sow-social-media-button-linkedin-0 sow-social-media-button\" title=\"Robert J Wallace en Linkedin\" aria-label=\"Robert J Wallace en Linkedin\" target=\"_blank\" rel=\"noopener noreferrer\" href=\"https:\/\/www.linkedin.com\/\" \t\t>\n\t\t\t<span>\n\t\t\t\t\t\t\t\t<span class=\"sow-icon-fontawesome sow-fab\" data-sow-icon=\"&#xf0e1;\"\n\t\t \n\t\taria-hidden=\"true\"><\/span>\t\t\t\t\t\t\t<\/span>\n\t\t<\/a>\n\t\n\t\t<a \n\t\tclass=\"ow-button-hover sow-social-media-button-envelope-0 sow-social-media-button\" title=\"Robert J Wallace en Envelope\" aria-label=\"Robert J Wallace en Envelope\" target=\"_blank\" rel=\"noopener noreferrer\" href=\"mailto:bob_j_wallace@hotmail.com\" \t\t>\n\t\t\t<span>\n\t\t\t\t\t\t\t\t<span class=\"sow-icon-fontawesome sow-fas\" data-sow-icon=\"&#xf0e0;\"\n\t\t \n\t\taria-hidden=\"true\"><\/span>\t\t\t\t\t\t\t<\/span>\n\t\t<\/a>\n\t<\/div>\n<\/div><\/div><\/div><\/div><\/div><\/div>","protected":false},"excerpt":{"rendered":"<p>Educaci\u00f3n<\/p>","protected":false},"author":1,"featured_media":0,"parent":0,"menu_order":0,"comment_status":"closed","ping_status":"closed","template":"","meta":{"nf_dc_page":"","_eb_attr":"","footnotes":""},"class_list":["post-330","page","type-page","status-publish","hentry"],"featured_image_src":null,"featured_image_src_square":null,"_links":{"self":[{"href":"https:\/\/robertjwallace.com\/es\/wp-json\/wp\/v2\/pages\/330","targetHints":{"allow":["GET"]}}],"collection":[{"href":"https:\/\/robertjwallace.com\/es\/wp-json\/wp\/v2\/pages"}],"about":[{"href":"https:\/\/robertjwallace.com\/es\/wp-json\/wp\/v2\/types\/page"}],"author":[{"embeddable":true,"href":"https:\/\/robertjwallace.com\/es\/wp-json\/wp\/v2\/users\/1"}],"replies":[{"embeddable":true,"href":"https:\/\/robertjwallace.com\/es\/wp-json\/wp\/v2\/comments?post=330"}],"version-history":[{"count":4,"href":"https:\/\/robertjwallace.com\/es\/wp-json\/wp\/v2\/pages\/330\/revisions"}],"predecessor-version":[{"id":3329,"href":"https:\/\/robertjwallace.com\/es\/wp-json\/wp\/v2\/pages\/330\/revisions\/3329"}],"wp:attachment":[{"href":"https:\/\/robertjwallace.com\/es\/wp-json\/wp\/v2\/media?parent=330"}],"curies":[{"name":"wp","href":"https:\/\/api.w.org\/{rel}","templated":true}]}}