{"id":229,"date":"2009-09-08T07:48:13","date_gmt":"2009-09-08T07:48:13","guid":{"rendered":"https:\/\/robertjwallace.com\/\/\/3-2\/"},"modified":"2019-12-07T18:39:19","modified_gmt":"2019-12-07T18:39:19","slug":"3-2","status":"publish","type":"page","link":"https:\/\/robertjwallace.com\/es\/3-2\/","title":{"rendered":"Intereses"},"content":{"rendered":"<h2 class=\"wp-block-heading\">Viajar<\/h2>\n\n\n\n<figure class=\"wp-block-image is-resized\"><img decoding=\"async\" data-src=\"https:\/\/robertjwallace-images.s3.us-east-2.amazonaws.com\/wp-content\/uploads\/2015\/11\/ranch.jpg\" alt=\"\" class=\"wp-image-187 lazyload\" width=\"365\" height=\"244\" data-srcset=\"https:\/\/robertjwallace-images.s3.us-east-2.amazonaws.com\/wp-content\/uploads\/2015\/11\/ranch.jpg 365w, https:\/\/robertjwallace-images.s3.us-east-2.amazonaws.com\/wp-content\/uploads\/2015\/11\/ranch-300x201.jpg 300w\" data-sizes=\"(max-width: 365px) 100vw, 365px\" src=\"data:image\/svg+xml;base64,PHN2ZyB3aWR0aD0iMSIgaGVpZ2h0PSIxIiB4bWxucz0iaHR0cDovL3d3dy53My5vcmcvMjAwMC9zdmciPjwvc3ZnPg==\" style=\"--smush-placeholder-width: 365px; --smush-placeholder-aspect-ratio: 365\/244;\"><\/figure>\n\n\n\n<p>He viajado por todo el mundo, pero ahora me gusta viajar a lugares cercanos.<\/p>\n\n\n\n<p><a href=\"https:\/\/robertjwallace.com\/es\/3-2\/5-2\/\">S<\/a><a href=\"https:\/\/robertjwallace.com\/es\/travel\/\">ee donde he estado<\/a><\/p>\n\n\n\n<h2 class=\"wp-block-heading\">Computadoras<\/h2>\n\n\n\n<figure class=\"wp-block-image is-resized\"><img decoding=\"async\" data-src=\"https:\/\/robertjwallace-images.s3.us-east-2.amazonaws.com\/wp-content\/uploads\/2009\/09\/1131-216w.jpg\" alt=\"\" class=\"wp-image-152 lazyload\" width=\"400\" height=\"331\" data-srcset=\"https:\/\/robertjwallace-images.s3.us-east-2.amazonaws.com\/wp-content\/uploads\/2009\/09\/1131-216w.jpg 400w, https:\/\/robertjwallace-images.s3.us-east-2.amazonaws.com\/wp-content\/uploads\/2009\/09\/1131-216w-300x248.jpg 300w\" data-sizes=\"(max-width: 400px) 100vw, 400px\" src=\"data:image\/svg+xml;base64,PHN2ZyB3aWR0aD0iMSIgaGVpZ2h0PSIxIiB4bWxucz0iaHR0cDovL3d3dy53My5vcmcvMjAwMC9zdmciPjwvc3ZnPg==\" style=\"--smush-placeholder-width: 400px; --smush-placeholder-aspect-ratio: 400\/331;\"><\/figure>\n\n\n\n<p>He trabajado con computadoras desde la \u00e9poca de las tarjetas perforadas. Vea algunos de los equipos y programas con los que he trabajado.<\/p>\n\n\n\n<p><a href=\"https:\/\/robertjwallace.com\/es\/3-2\/4-2\/\">Ver el hardware<\/a><\/p>\n\n\n\n<p><a href=\"https:\/\/robertjwallace.com\/es\/3-2\/20-2\/\">Ver el software<\/a><\/p>\n\n\n\n<h3 class=\"wp-block-heading\">antiguos coches deportivos brit\u00e1nicos<\/h3>\n\n\n\n<figure class=\"wp-block-image\"><img decoding=\"async\" width=\"400\" height=\"270\" data-src=\"https:\/\/robertjwallace-images.s3.us-east-2.amazonaws.com\/wp-content\/uploads\/2015\/11\/21.jpg\" alt=\"\" class=\"wp-image-196 lazyload\" data-srcset=\"https:\/\/robertjwallace-images.s3.us-east-2.amazonaws.com\/wp-content\/uploads\/2015\/11\/21.jpg 400w, https:\/\/robertjwallace-images.s3.us-east-2.amazonaws.com\/wp-content\/uploads\/2015\/11\/21-300x203.jpg 300w\" data-sizes=\"(max-width: 400px) 100vw, 400px\" src=\"data:image\/svg+xml;base64,PHN2ZyB3aWR0aD0iMSIgaGVpZ2h0PSIxIiB4bWxucz0iaHR0cDovL3d3dy53My5vcmcvMjAwMC9zdmciPjwvc3ZnPg==\" style=\"--smush-placeholder-width: 400px; --smush-placeholder-aspect-ratio: 400\/270;\"><\/figure>\n\n\n\n<p>En particular, mi MGA del 57 y mi Healey del 60. Tambi\u00e9n, preferiblemente, viejos. <a href=\"http:\/\/bob.hanlonbrown.com\/next\/100\/\">whisky escoc\u00e9s de pura malta<\/a>.<\/p>\n\n\n\n<h3 class=\"wp-block-heading\">Fotograf\u00eda<\/h3>\n\n\n\n<figure class=\"wp-block-image\"><img decoding=\"async\" width=\"900\" height=\"537\" data-src=\"https:\/\/robertjwallace-images.s3.us-east-2.amazonaws.com\/wp-content\/uploads\/2015\/11\/21CC3437.jpg\" alt=\"\" class=\"wp-image-197 lazyload\" data-srcset=\"https:\/\/robertjwallace-images.s3.us-east-2.amazonaws.com\/wp-content\/uploads\/2015\/11\/21CC3437.jpg 900w, https:\/\/robertjwallace-images.s3.us-east-2.amazonaws.com\/wp-content\/uploads\/2015\/11\/21CC3437-300x179.jpg 300w, https:\/\/robertjwallace-images.s3.us-east-2.amazonaws.com\/wp-content\/uploads\/2015\/11\/21CC3437-768x458.jpg 768w\" data-sizes=\"(max-width: 767px) 89vw, (max-width: 1000px) 54vw, (max-width: 1071px) 543px, 580px\" src=\"data:image\/svg+xml;base64,PHN2ZyB3aWR0aD0iMSIgaGVpZ2h0PSIxIiB4bWxucz0iaHR0cDovL3d3dy53My5vcmcvMjAwMC9zdmciPjwvc3ZnPg==\" style=\"--smush-placeholder-width: 900px; --smush-placeholder-aspect-ratio: 900\/537;\"><\/figure>\n\n\n\n<p>Empec\u00e9 con la vieja Argus de mi padre y pas\u00e9 a mi primer 35 mm (Olympus OM1) y luego a lo digital.&nbsp;<\/p>\n\n\n\n<p><a href=\"https:\/\/robertjwallace.com\/es\/3-2\/6-2\/\">Vea algunos de mis trabajos<\/a><\/p>\n\n\n\n<h3 class=\"wp-block-heading\">Gatos<\/h3>\n\n\n\n<figure class=\"wp-block-image is-resized\"><img decoding=\"async\" data-src=\"https:\/\/robertjwallace-images.s3.us-east-2.amazonaws.com\/wp-content\/uploads\/2009\/09\/rusty2.jpg\" alt=\"\" class=\"wp-image-612 lazyload\" width=\"431\" height=\"600\" data-srcset=\"https:\/\/robertjwallace-images.s3.us-east-2.amazonaws.com\/wp-content\/uploads\/2009\/09\/rusty2.jpg 574w, https:\/\/robertjwallace-images.s3.us-east-2.amazonaws.com\/wp-content\/uploads\/2009\/09\/rusty2-215x300.jpg 215w\" data-sizes=\"(max-width: 431px) 100vw, 431px\" src=\"data:image\/svg+xml;base64,PHN2ZyB3aWR0aD0iMSIgaGVpZ2h0PSIxIiB4bWxucz0iaHR0cDovL3d3dy53My5vcmcvMjAwMC9zdmciPjwvc3ZnPg==\" style=\"--smush-placeholder-width: 431px; --smush-placeholder-aspect-ratio: 431\/600;\"><\/figure>\n\n\n\n<p>Mis dos primeros gatos se llamaban &quot;Magic&quot; y &quot;Crystal&quot;. Actualmente tengo un gato llamado &quot;Abracadabra&quot;, o &quot;Abby&quot; para abreviar. Tuve dos, pero el hermano de Abby, &quot;Hokus Pokus&quot; o &quot;Hokus&quot; para abreviar, falleci\u00f3. &nbsp;&nbsp;&nbsp;<\/p>\n\n\n\n<h3 class=\"wp-block-heading\">Magia<\/h3>\n\n\n\n<figure class=\"wp-block-image\"><img decoding=\"async\" width=\"1000\" height=\"727\" data-src=\"https:\/\/robertjwallace-images.s3.us-east-2.amazonaws.com\/wp-content\/uploads\/2015\/11\/bobw-small.jpg\" alt=\"\" class=\"wp-image-140 lazyload\" data-srcset=\"https:\/\/robertjwallace-images.s3.us-east-2.amazonaws.com\/wp-content\/uploads\/2015\/11\/bobw-small.jpg 1000w, https:\/\/robertjwallace-images.s3.us-east-2.amazonaws.com\/wp-content\/uploads\/2015\/11\/bobw-small-300x218.jpg 300w, https:\/\/robertjwallace-images.s3.us-east-2.amazonaws.com\/wp-content\/uploads\/2015\/11\/bobw-small-768x558.jpg 768w\" data-sizes=\"(max-width: 767px) 89vw, (max-width: 1000px) 54vw, (max-width: 1071px) 543px, 580px\" src=\"data:image\/svg+xml;base64,PHN2ZyB3aWR0aD0iMSIgaGVpZ2h0PSIxIiB4bWxucz0iaHR0cDovL3d3dy53My5vcmcvMjAwMC9zdmciPjwvc3ZnPg==\" style=\"--smush-placeholder-width: 1000px; --smush-placeholder-aspect-ratio: 1000\/727;\"><\/figure>\n\n\n\n<p>Llevo practicando magia unos 40 a\u00f1os, especializ\u00e1ndome en un campo conocido como &quot;magia de cerca&quot;. Siempre llevo conmigo una baraja de cartas. <\/p>\n\n\n\n<p>La magia de cerca, como su nombre indica, se realiza ante las narices del espectador. Se utilizan monedas, cartas, cerillas, pa\u00f1uelos de seda, cuerdas y otros peque\u00f1os accesorios. A diferencia de la magia de escenario, la magia de cerca tiene un car\u00e1cter \u00edntimo, y los espectadores suelen participar activamente en las ilusiones.<\/p>\n\n\n\n<p>He realizado actuaciones tanto para particulares como para empresas, en ferias comerciales, restaurantes y locales privados. Entre mis clientes corporativos se encuentran Intel Corporation, el crucero Spirit of Portland, el restaurante Hubar&#039;s, el restaurante Al Amirs, Sunset Mortgage Company, el Departamento de Polic\u00eda de Beaverton y otros.<\/p>\n\n\n\n<p><\/p>","protected":false},"excerpt":{"rendered":"<h1>&nbsp;<\/h1>\n<ul>\n<li>\n<p class=\"small\">Travel.&nbsp; See <a href=\"http:\/\/bob.hanlonbrown.com\/new\/index.php?q=node\/5\">some of the places<\/a> I have been.<\/p>\n<\/li>\n<li>\n<p class=\"small\">Computers. See <a href=\"http:\/\/bob.hanlonbrown.com\/new\/index.php?q=node\/4\">some of the computer systems<\/a> I               have worked on and <a href=\"http:\/\/bob.hanlonbrown.com\/new\/index.php?q=node\/20\">some of the software<\/a>.<\/p>\n<\/li>\n<li>\n<p class=\"small\">Reading: poetry, non-fiction (physics, history, general science), Science fiction<\/p>\n<\/li>\n<li>\n<p class=\"small\"><a href=\"http:\/\/bob.hanlonbrown.com\/new\/index.php?q=node\/14\">Performing magic<\/a> (close-up and restaurant styles)<\/p>\n<\/li>\n<li>\n<p class=\"small\">35mm photography (Olympus OM-1, OM-2, Canon EOS, Canon Digital 1D&#8230; I really need a new camera) <a id=\"a_flashcontent\" href=\"http:\/\/bob.hanlonbrown.com\/new\/index.php?q=node\/6\">See some of my               work<\/a>.<\/p>\n<\/li>\n<li>\n<p class=\"small\">Writing<\/p>\n<\/li>\n<li>\n<p class=\"small\">Cats. My first two were named &quot;Magic&quot; and &quot;Crystal&quot;.&nbsp; Currently I have one cat named &quot;Abracadabra&quot;, or&nbsp; &quot;Abby&quot;&nbsp;for short. I had two, but Abby&#8217;s brother, &quot;Hokus Pokus&quot; or &quot;Hokus&quot; for short, passed away.<\/p>\n<\/li>\n<li>\n<p class=\"small\">Old British sports cars, in particular my 57 MGA and 60 Healey.<\/p>\n<\/li>\n<\/ul>\n<p>&nbsp;<\/p>","protected":false},"author":1,"featured_media":0,"parent":0,"menu_order":0,"comment_status":"closed","ping_status":"closed","template":"","meta":{"nf_dc_page":"","_eb_attr":"","footnotes":""},"class_list":["post-229","page","type-page","status-publish","hentry"],"featured_image_src":null,"featured_image_src_square":null,"_links":{"self":[{"href":"https:\/\/robertjwallace.com\/es\/wp-json\/wp\/v2\/pages\/229","targetHints":{"allow":["GET"]}}],"collection":[{"href":"https:\/\/robertjwallace.com\/es\/wp-json\/wp\/v2\/pages"}],"about":[{"href":"https:\/\/robertjwallace.com\/es\/wp-json\/wp\/v2\/types\/page"}],"author":[{"embeddable":true,"href":"https:\/\/robertjwallace.com\/es\/wp-json\/wp\/v2\/users\/1"}],"replies":[{"embeddable":true,"href":"https:\/\/robertjwallace.com\/es\/wp-json\/wp\/v2\/comments?post=229"}],"version-history":[{"count":9,"href":"https:\/\/robertjwallace.com\/es\/wp-json\/wp\/v2\/pages\/229\/revisions"}],"predecessor-version":[{"id":3657,"href":"https:\/\/robertjwallace.com\/es\/wp-json\/wp\/v2\/pages\/229\/revisions\/3657"}],"wp:attachment":[{"href":"https:\/\/robertjwallace.com\/es\/wp-json\/wp\/v2\/media?parent=229"}],"curies":[{"name":"wp","href":"https:\/\/api.w.org\/{rel}","templated":true}]}}