{"id":20,"date":"2009-09-17T21:47:28","date_gmt":"2009-09-17T21:47:28","guid":{"rendered":"https:\/\/robertjwallace.com\/\/\/3-2\/20-2\/"},"modified":"2009-09-17T21:47:28","modified_gmt":"2009-09-17T21:47:28","slug":"20-2","status":"publish","type":"page","link":"https:\/\/robertjwallace.com\/es\/3-2\/20-2\/","title":{"rendered":"Software que he utilizado"},"content":{"rendered":"<p>Comenc\u00e9 en la industria a mediados de los 70 y he usado mucho software. Decid\u00ed recordar algunos de los programas antiguos que usaba en aquel entonces. La siguiente lista no tiene ning\u00fan orden en particular. Vean cu\u00e1ntos usaron.<\/p>\n<ul>\n    <li>JCL (lenguaje de scripting de control de trabajos) de IBM<\/li>\n    <li>PC Write (por Bob Wallace \u2013 sin relaci\u00f3n)<\/li>\n    <li>Loto 123<\/li>\n    <li>Base de datos<\/li>\n    <li>Corel Draw<\/li>\n    <li>Gopher y Ver\u00f3nica<\/li>\n    <li>mosaico<\/li>\n    <li>aventura<\/li>\n    <li>vi<\/li>\n    <li>Creador de p\u00e1ginas<\/li>\n    <li>TeX y LaTex<\/li>\n    <li>DEC Runoff (predecesor de Unix roff y nroff)<\/li>\n<\/ul>\n<p>y sistemas operativos:<\/p>\n<ul>\n    <li>Datos generales de RDOS<\/li>\n    <li>IBM OS\/360<\/li>\n    <li>CP\/M<\/li>\n    <li>JOYA<\/li>\n    <li>MS-DOS<\/li>\n    <li>Microsoft Windows (3.1, 3.5, 4.0, 2000, XP, Vista)<\/li>\n    <li>Windows CE<\/li>\n    <li>Unbuntu Linux<\/li>\n    <li>BSD Unix<\/li>\n    <li>Sistema UNIX III<\/li>\n    <li>VxWorks<\/li>\n    <li>TOPS-20<\/li>\n    <li>RT-11<\/li>\n    <li>Sistema de gesti\u00f3n de m\u00e1quinas virtuales (VM)<\/li>\n    <li>PRIMOS<\/li>\n<\/ul>","protected":false},"excerpt":{"rendered":"<p>Comenc\u00e9 en la industria a mediados de los 70 y he usado mucho software. Decid\u00ed recordar algunos de los programas antiguos que usaba en aquel entonces. La siguiente lista no tiene ning\u00fan orden en particular. Vean cu\u00e1ntos usaron.<\/p>\n<ul>\n<li>JCL (lenguaje de scripting de control de trabajos) de IBM<\/li>\n<li>PC Write (por Bob Wallace \u2013 sin relaci\u00f3n)<\/li>\n<li>Loto 123<\/li>\n<li>Base de datos<\/li>\n<li>Corel Draw<\/li>\n<li>Gopher y Ver\u00f3nica<\/li>\n<li>mosaico<\/li>\n<li>aventura<\/li>\n<li>vi<\/li>\n<li>Creador de p\u00e1ginas<\/li>\n<li>TeX y LaTex<\/li>\n<li>DEC Runoff (predecesor de Unix roff y nroff)<\/li>\n<\/ul>\n<p>y sistemas operativos:<\/p>\n<ul>\n<li>Datos generales de RDOS<\/li>\n<li>IBM OS\/360<\/li>\n<li>CP\/M<\/li>\n<li>JOYA<\/li>\n<li>MS-DOS<\/li>\n<li>Microsoft Windows (3.1, 3.5, 4.0, 2000, XP, Vista)<\/li>\n<li>Windows CE<\/li>\n<li>Unbuntu Linux<\/li>\n<li>BSD Unix<\/li>\n<li>Sistema UNIX III<\/li>\n<li>VxWorks<\/li>\n<li>TOPS-20<\/li>\n<li>RT-11<\/li>\n<li>Sistema de gesti\u00f3n de m\u00e1quinas virtuales (VM)<\/li>\n<li>PRIMOS<\/li>\n<\/ul>","protected":false},"author":1,"featured_media":0,"parent":229,"menu_order":4,"comment_status":"open","ping_status":"open","template":"","meta":{"nf_dc_page":"","_eb_attr":"","footnotes":""},"class_list":["post-20","page","type-page","status-publish","hentry"],"featured_image_src":null,"featured_image_src_square":null,"_links":{"self":[{"href":"https:\/\/robertjwallace.com\/es\/wp-json\/wp\/v2\/pages\/20","targetHints":{"allow":["GET"]}}],"collection":[{"href":"https:\/\/robertjwallace.com\/es\/wp-json\/wp\/v2\/pages"}],"about":[{"href":"https:\/\/robertjwallace.com\/es\/wp-json\/wp\/v2\/types\/page"}],"author":[{"embeddable":true,"href":"https:\/\/robertjwallace.com\/es\/wp-json\/wp\/v2\/users\/1"}],"replies":[{"embeddable":true,"href":"https:\/\/robertjwallace.com\/es\/wp-json\/wp\/v2\/comments?post=20"}],"version-history":[{"count":0,"href":"https:\/\/robertjwallace.com\/es\/wp-json\/wp\/v2\/pages\/20\/revisions"}],"up":[{"embeddable":true,"href":"https:\/\/robertjwallace.com\/es\/wp-json\/wp\/v2\/pages\/229"}],"wp:attachment":[{"href":"https:\/\/robertjwallace.com\/es\/wp-json\/wp\/v2\/media?parent=20"}],"curies":[{"name":"wp","href":"https:\/\/api.w.org\/{rel}","templated":true}]}}