{"id":10,"date":"2009-09-11T09:41:54","date_gmt":"2009-09-11T09:41:54","guid":{"rendered":"https:\/\/robertjwallace.com\/\/\/10-2\/"},"modified":"2025-02-10T14:26:03","modified_gmt":"2025-02-10T14:26:03","slug":"10-2","status":"publish","type":"page","link":"https:\/\/robertjwallace.com\/es\/10-2\/","title":{"rendered":"Habilidades"},"content":{"rendered":"En general, soy un manitas con experiencia que abarca desde ingenier\u00eda hasta ventas t\u00e9cnicas. Me desenvuelvo igual de bien dando charlas con clientes que dise\u00f1ando software frente a una computadora.\n\n<ul class=\"c3\">\n    <li class=\"small\">Cualquier cosa web (HTML, CSS, JavaScript)<\/li>\n    <li>Uso de IA<\/li>\n    <li class=\"small\">WordPress, Drupal, sistemas de gesti\u00f3n de contenido empresarial<\/li>\n    <li class=\"small\">Perl, JavaScript, PHP, Visual Basic, C, C++, ActionScript 3 (y en el pasado: Fortran, Assembler, Cobol, etc.)<\/li>\n    <li class=\"small\">Programaci\u00f3n de bases de datos (SQL, ASP, MySql, PHP)<\/li>\n    <li class=\"small\">Photoshop, Illustrator, Microsoft Office, Gimp, etc.<\/li>\n    <li class=\"small\">Sistemas de aprendizaje en l\u00ednea (Moodle, Canvas)<\/li>\n    <li class=\"small\">Administraci\u00f3n de sistemas (PC\/Unix\/Linux)<\/li>\n    <li class=\"small\">Prestidigitaci\u00f3n de cerca<\/li>\n    <li class=\"small\">Fotograf\u00eda<\/li>\n<\/ul>","protected":false},"excerpt":{"rendered":"<p>In general I&#8217;m a &quot;jack of all trades&quot; with experience ranging from engineering to technical sales. I&#8217;m equally at home in front of customers giving talks, as I am in front of a computer designing software.<\/p>\n<ul class=\"c3\">\n<li class=\"small\">HTML, XML, XHTML DHTML programming, Flash, After Effects<\/li>\n<li class=\"small\">Wordpress, MediaWiki, Drupal, Enterprise Content Management Systems<\/li>\n<li class=\"small\">Perl, Javascript, PHP, Visual Basic, C, C++, ActionScript 3 (and in the past &#8211; Fortran, Assembler, Cobal, etc.)<\/li>\n<li class=\"small\">Programaci\u00f3n de bases de datos (SQL, ASP, MySql, PHP)<\/li>\n<li class=\"small\">Photoshop, Illustrator, Visual SourceSafe, Microsoft Office, etc.<\/li>\n<li class=\"small\">System Administration (PC\/Unix)<\/li>\n<li class=\"small\">Prestidigitaci\u00f3n de cerca<\/li>\n<\/ul>","protected":false},"author":1,"featured_media":0,"parent":0,"menu_order":0,"comment_status":"closed","ping_status":"closed","template":"","meta":{"nf_dc_page":"","_eb_attr":"","footnotes":""},"class_list":["post-10","page","type-page","status-publish","hentry"],"featured_image_src":null,"featured_image_src_square":null,"_links":{"self":[{"href":"https:\/\/robertjwallace.com\/es\/wp-json\/wp\/v2\/pages\/10","targetHints":{"allow":["GET"]}}],"collection":[{"href":"https:\/\/robertjwallace.com\/es\/wp-json\/wp\/v2\/pages"}],"about":[{"href":"https:\/\/robertjwallace.com\/es\/wp-json\/wp\/v2\/types\/page"}],"author":[{"embeddable":true,"href":"https:\/\/robertjwallace.com\/es\/wp-json\/wp\/v2\/users\/1"}],"replies":[{"embeddable":true,"href":"https:\/\/robertjwallace.com\/es\/wp-json\/wp\/v2\/comments?post=10"}],"version-history":[{"count":1,"href":"https:\/\/robertjwallace.com\/es\/wp-json\/wp\/v2\/pages\/10\/revisions"}],"predecessor-version":[{"id":6337,"href":"https:\/\/robertjwallace.com\/es\/wp-json\/wp\/v2\/pages\/10\/revisions\/6337"}],"wp:attachment":[{"href":"https:\/\/robertjwallace.com\/es\/wp-json\/wp\/v2\/media?parent=10"}],"curies":[{"name":"wp","href":"https:\/\/api.w.org\/{rel}","templated":true}]}}